{"id":22,"date":"2025-10-14T13:01:24","date_gmt":"2025-10-14T13:01:24","guid":{"rendered":"http:\/\/calaism.cluster021.hosting.ovh.net\/?page_id=22"},"modified":"2025-11-11T21:21:23","modified_gmt":"2025-11-11T21:21:23","slug":"permis","status":"publish","type":"page","link":"http:\/\/calaism.cluster021.hosting.ovh.net\/index.php\/permis\/","title":{"rendered":"Permis"},"content":{"rendered":"\t\t<div data-elementor-type=\"wp-page\" data-elementor-id=\"22\" class=\"elementor elementor-22\">\n\t\t\t\t<div class=\"elementor-element elementor-element-e3b7768 e-flex e-con-boxed wpr-particle-no wpr-jarallax-no wpr-parallax-no wpr-sticky-section-no e-con e-child\" data-id=\"e3b7768\" data-element_type=\"container\" data-settings=\"{&quot;background_background&quot;:&quot;classic&quot;}\">\n\t\t\t\t\t<div class=\"e-con-inner\">\n\t\t\t\t<div class=\"elementor-element elementor-element-00306a5 elementor-widget__width-initial elementor-widget-mobile__width-inherit elementor-widget elementor-widget-heading\" data-id=\"00306a5\" data-element_type=\"widget\" data-widget_type=\"heading.default\">\n\t\t\t\t\t<h2 class=\"elementor-heading-title elementor-size-default\">Choisissez votre programme<\/h2>\t\t\t\t<\/div>\n\t\t<div class=\"elementor-element elementor-element-da9ce29 e-con-full e-grid wpr-particle-no wpr-jarallax-no wpr-parallax-no wpr-sticky-section-no e-con e-child\" data-id=\"da9ce29\" data-element_type=\"container\">\n\t\t<div class=\"elementor-element elementor-element-1b294a9 e-con-full e-flex wpr-particle-no wpr-jarallax-no wpr-parallax-no wpr-sticky-section-no e-con e-child\" data-id=\"1b294a9\" data-element_type=\"container\">\n\t\t\t\t<div class=\"elementor-element elementor-element-1fb182b elementor-widget elementor-widget-image\" data-id=\"1fb182b\" data-element_type=\"widget\" data-widget_type=\"image.default\">\n\t\t\t\t\t\t\t\t\t\t\t\t\t\t\t<img fetchpriority=\"high\" decoding=\"async\" width=\"2560\" height=\"1707\" src=\"http:\/\/calaism.cluster021.hosting.ovh.net\/wp-content\/uploads\/2025\/10\/marine-parking-boats-yachts-turkey-yacht-docked-sea-port-scaled.jpg\" class=\"attachment-full size-full wp-image-104\" alt=\"Permis c\u00f4tier\" srcset=\"http:\/\/calaism.cluster021.hosting.ovh.net\/wp-content\/uploads\/2025\/10\/marine-parking-boats-yachts-turkey-yacht-docked-sea-port-scaled.jpg 2560w, http:\/\/calaism.cluster021.hosting.ovh.net\/wp-content\/uploads\/2025\/10\/marine-parking-boats-yachts-turkey-yacht-docked-sea-port-300x200.jpg 300w, http:\/\/calaism.cluster021.hosting.ovh.net\/wp-content\/uploads\/2025\/10\/marine-parking-boats-yachts-turkey-yacht-docked-sea-port-1024x683.jpg 1024w, http:\/\/calaism.cluster021.hosting.ovh.net\/wp-content\/uploads\/2025\/10\/marine-parking-boats-yachts-turkey-yacht-docked-sea-port-768x512.jpg 768w, http:\/\/calaism.cluster021.hosting.ovh.net\/wp-content\/uploads\/2025\/10\/marine-parking-boats-yachts-turkey-yacht-docked-sea-port-1536x1024.jpg 1536w, http:\/\/calaism.cluster021.hosting.ovh.net\/wp-content\/uploads\/2025\/10\/marine-parking-boats-yachts-turkey-yacht-docked-sea-port-2048x1365.jpg 2048w\" sizes=\"(max-width: 2560px) 100vw, 2560px\" \/>\t\t\t\t\t\t\t\t\t\t\t\t\t\t\t<\/div>\n\t\t\t\t<div class=\"elementor-element elementor-element-39059fa elementor-widget__width-inherit elementor-widget elementor-widget-heading\" data-id=\"39059fa\" data-element_type=\"widget\" data-widget_type=\"heading.default\">\n\t\t\t\t\t<h5 class=\"elementor-heading-title elementor-size-default\">Permis mer - option \"c\u00f4ti\u00e8re\"<\/h5>\t\t\t\t<\/div>\n\t\t\t\t<div class=\"elementor-element elementor-element-bbacd30 elementor-widget__width-inherit elementor-widget elementor-widget-text-editor\" data-id=\"bbacd30\" data-element_type=\"widget\" data-widget_type=\"text-editor.default\">\n\t\t\t\t\t\t\t\t\t<div>&#8211; pour une navigation de jour et de nuit<br \/>&#8211; jusqu&rsquo;\u00e0 6 milles d&rsquo;un abri (tout lieu o\u00f9 un navire peut accoster ou mouiller en s\u00e9curit\u00e9)<\/div><div>&#8211; sans limitation de puissance et de jauge<\/div><div>&#8211; droit d&rsquo;utilisation de la VHF (eaux territoriales fran\u00e7aises)<\/div><div>\u00a0<\/div>\t\t\t\t\t\t\t\t<\/div>\n\t\t<div class=\"elementor-element elementor-element-7e9f028 e-flex e-con-boxed wpr-particle-no wpr-jarallax-no wpr-parallax-no wpr-sticky-section-no e-con e-child\" data-id=\"7e9f028\" data-element_type=\"container\">\n\t\t\t\t\t<div class=\"e-con-inner\">\n\t\t\t\t<div class=\"elementor-element elementor-element-4ee9389 elementor-align-center elementor-widget elementor-widget-button\" data-id=\"4ee9389\" data-element_type=\"widget\" data-widget_type=\"button.default\">\n\t\t\t\t\t\t\t\t\t\t<a class=\"elementor-button elementor-button-link elementor-size-sm\" href=\"http:\/\/calaism.cluster021.hosting.ovh.net\/index.php\/permis-mer-option-cotiere\/\">\n\t\t\t\t\t\t<span class=\"elementor-button-content-wrapper\">\n\t\t\t\t\t\t\t\t\t<span class=\"elementor-button-text\">En savoir plus<\/span>\n\t\t\t\t\t<\/span>\n\t\t\t\t\t<\/a>\n\t\t\t\t\t\t\t\t<\/div>\n\t\t\t\t\t<\/div>\n\t\t\t\t<\/div>\n\t\t\t\t<\/div>\n\t\t<div class=\"elementor-element elementor-element-f0e9d43 e-con-full e-flex wpr-particle-no wpr-jarallax-no wpr-parallax-no wpr-sticky-section-no e-con e-child\" data-id=\"f0e9d43\" data-element_type=\"container\">\n\t\t\t\t<div class=\"elementor-element elementor-element-cfd50cd elementor-widget elementor-widget-image\" data-id=\"cfd50cd\" data-element_type=\"widget\" data-widget_type=\"image.default\">\n\t\t\t\t\t\t\t\t\t\t\t\t\t\t\t<img decoding=\"async\" src=\"http:\/\/calaism.cluster021.hosting.ovh.net\/wp-content\/uploads\/2025\/10\/mesmerizing-view-boat-calm-sea-foggy-day-1-scaled.jpg\" title=\"mesmerizing-view-boat-calm-sea-foggy-day\" alt=\"Permis hauturier\" loading=\"lazy\" \/>\t\t\t\t\t\t\t\t\t\t\t\t\t\t\t<\/div>\n\t\t\t\t<div class=\"elementor-element elementor-element-bbfa46e elementor-widget__width-inherit elementor-widget elementor-widget-heading\" data-id=\"bbfa46e\" data-element_type=\"widget\" data-widget_type=\"heading.default\">\n\t\t\t\t\t<h5 class=\"elementor-heading-title elementor-size-default\">Permis mer - option \"hauturi\u00e8re\"<\/h5>\t\t\t\t<\/div>\n\t\t\t\t<div class=\"elementor-element elementor-element-c5dc372 elementor-widget__width-inherit elementor-widget elementor-widget-text-editor\" data-id=\"c5dc372\" data-element_type=\"widget\" data-widget_type=\"text-editor.default\">\n\t\t\t\t\t\t\t\t\t<div>&#8211; toute navigation sans limitation de distance,<br>&#8211; sans limitation de jauge et de puissance,<br>&#8211; de jour et de nuit.<\/div>\n<div>Le permis bateau option \u00ab hauturi\u00e8re \u00bb est une extension, soit au permis option \u00ab c\u00f4ti\u00e8re \u00bb, soit au permis A de conduire en mer les navires de plaisance \u00e0 moteur, soit au permis \u00ab c\u00f4tier \u00bb.<\/div>\n<div><br><\/div>\t\t\t\t\t\t\t\t<\/div>\n\t\t<div class=\"elementor-element elementor-element-7aa79b0 e-flex e-con-boxed wpr-particle-no wpr-jarallax-no wpr-parallax-no wpr-sticky-section-no e-con e-child\" data-id=\"7aa79b0\" data-element_type=\"container\">\n\t\t\t\t\t<div class=\"e-con-inner\">\n\t\t\t\t<div class=\"elementor-element elementor-element-6745cf3 elementor-widget elementor-widget-button\" data-id=\"6745cf3\" data-element_type=\"widget\" data-widget_type=\"button.default\">\n\t\t\t\t\t\t\t\t\t\t<a class=\"elementor-button elementor-button-link elementor-size-sm\" href=\"http:\/\/calaism.cluster021.hosting.ovh.net\/index.php\/permis-mer-option-hauturiere\/\">\n\t\t\t\t\t\t<span class=\"elementor-button-content-wrapper\">\n\t\t\t\t\t\t\t\t\t<span class=\"elementor-button-text\">En savoir plus<\/span>\n\t\t\t\t\t<\/span>\n\t\t\t\t\t<\/a>\n\t\t\t\t\t\t\t\t<\/div>\n\t\t\t\t\t<\/div>\n\t\t\t\t<\/div>\n\t\t\t\t<\/div>\n\t\t<div class=\"elementor-element elementor-element-6c1cc8c e-con-full e-flex wpr-particle-no wpr-jarallax-no wpr-parallax-no wpr-sticky-section-no e-con e-child\" data-id=\"6c1cc8c\" data-element_type=\"container\">\n\t\t\t\t<div class=\"elementor-element elementor-element-ee4f7fd elementor-widget elementor-widget-image\" data-id=\"ee4f7fd\" data-element_type=\"widget\" data-widget_type=\"image.default\">\n\t\t\t\t\t\t\t\t\t\t\t\t\t\t\t<img decoding=\"async\" width=\"2560\" height=\"1707\" src=\"http:\/\/calaism.cluster021.hosting.ovh.net\/wp-content\/uploads\/2025\/10\/sailboat-sea-evening-sunlight-beautiful-sea-luxury-summer-adventure-active-vacation-mediterranean-sea-turkey-scaled.jpg\" class=\"attachment-full size-full wp-image-107\" alt=\"Permis eaux int\u00e9rieures\" srcset=\"http:\/\/calaism.cluster021.hosting.ovh.net\/wp-content\/uploads\/2025\/10\/sailboat-sea-evening-sunlight-beautiful-sea-luxury-summer-adventure-active-vacation-mediterranean-sea-turkey-scaled.jpg 2560w, http:\/\/calaism.cluster021.hosting.ovh.net\/wp-content\/uploads\/2025\/10\/sailboat-sea-evening-sunlight-beautiful-sea-luxury-summer-adventure-active-vacation-mediterranean-sea-turkey-300x200.jpg 300w, http:\/\/calaism.cluster021.hosting.ovh.net\/wp-content\/uploads\/2025\/10\/sailboat-sea-evening-sunlight-beautiful-sea-luxury-summer-adventure-active-vacation-mediterranean-sea-turkey-1024x683.jpg 1024w, http:\/\/calaism.cluster021.hosting.ovh.net\/wp-content\/uploads\/2025\/10\/sailboat-sea-evening-sunlight-beautiful-sea-luxury-summer-adventure-active-vacation-mediterranean-sea-turkey-768x512.jpg 768w, http:\/\/calaism.cluster021.hosting.ovh.net\/wp-content\/uploads\/2025\/10\/sailboat-sea-evening-sunlight-beautiful-sea-luxury-summer-adventure-active-vacation-mediterranean-sea-turkey-1536x1024.jpg 1536w, http:\/\/calaism.cluster021.hosting.ovh.net\/wp-content\/uploads\/2025\/10\/sailboat-sea-evening-sunlight-beautiful-sea-luxury-summer-adventure-active-vacation-mediterranean-sea-turkey-2048x1365.jpg 2048w\" sizes=\"(max-width: 2560px) 100vw, 2560px\" \/>\t\t\t\t\t\t\t\t\t\t\t\t\t\t\t<\/div>\n\t\t\t\t<div class=\"elementor-element elementor-element-192a541 elementor-widget__width-inherit elementor-widget elementor-widget-heading\" data-id=\"192a541\" data-element_type=\"widget\" data-widget_type=\"heading.default\">\n\t\t\t\t\t<h5 class=\"elementor-heading-title elementor-size-default\">Permis eaux int\u00e9rieures<\/h5>\t\t\t\t<\/div>\n\t\t\t\t<div class=\"elementor-element elementor-element-dbd6887 elementor-widget__width-inherit elementor-widget elementor-widget-text-editor\" data-id=\"dbd6887\" data-element_type=\"widget\" data-widget_type=\"text-editor.default\">\n\t\t\t\t\t\t\t\t\t<p>Un titre de conduite est obligatoire pour piloter sur les eaux int\u00e9rieures un bateau de plaisance \u00e0 moteur lorsque la puissance motrice est sup\u00e9rieure \u00e0 4,5 kw (6 CV), y compris pour les bateaux de plaisance \u00e0 voile.Lorem Ipsum is simply dummy text of the printing and typesetting industry.<\/p>\t\t\t\t\t\t\t\t<\/div>\n\t\t<div class=\"elementor-element elementor-element-38ffe0d e-flex e-con-boxed wpr-particle-no wpr-jarallax-no wpr-parallax-no wpr-sticky-section-no e-con e-child\" data-id=\"38ffe0d\" data-element_type=\"container\">\n\t\t\t\t\t<div class=\"e-con-inner\">\n\t\t\t\t<div class=\"elementor-element elementor-element-a04c667 elementor-widget elementor-widget-button\" data-id=\"a04c667\" data-element_type=\"widget\" data-widget_type=\"button.default\">\n\t\t\t\t\t\t\t\t\t\t<a class=\"elementor-button elementor-button-link elementor-size-sm\" href=\"http:\/\/calaism.cluster021.hosting.ovh.net\/index.php\/permis-eaux-interieures\/\">\n\t\t\t\t\t\t<span class=\"elementor-button-content-wrapper\">\n\t\t\t\t\t\t\t\t\t<span class=\"elementor-button-text\">En savoir plus<\/span>\n\t\t\t\t\t<\/span>\n\t\t\t\t\t<\/a>\n\t\t\t\t\t\t\t\t<\/div>\n\t\t\t\t\t<\/div>\n\t\t\t\t<\/div>\n\t\t\t\t<\/div>\n\t\t<div class=\"elementor-element elementor-element-3e1e668 e-con-full e-flex wpr-particle-no wpr-jarallax-no wpr-parallax-no wpr-sticky-section-no e-con e-child\" data-id=\"3e1e668\" data-element_type=\"container\">\n\t\t\t\t<div class=\"elementor-element elementor-element-dfa7f3c elementor-widget elementor-widget-image\" data-id=\"dfa7f3c\" data-element_type=\"widget\" data-widget_type=\"image.default\">\n\t\t\t\t\t\t\t\t\t\t\t\t\t\t\t<img decoding=\"async\" width=\"2560\" height=\"1707\" src=\"http:\/\/calaism.cluster021.hosting.ovh.net\/wp-content\/uploads\/2025\/11\/oxana-melis-tUu1WN8MuNE-unsplash-scaled.jpg\" class=\"attachment-full size-full wp-image-354\" alt=\"\" srcset=\"http:\/\/calaism.cluster021.hosting.ovh.net\/wp-content\/uploads\/2025\/11\/oxana-melis-tUu1WN8MuNE-unsplash-scaled.jpg 2560w, http:\/\/calaism.cluster021.hosting.ovh.net\/wp-content\/uploads\/2025\/11\/oxana-melis-tUu1WN8MuNE-unsplash-300x200.jpg 300w, http:\/\/calaism.cluster021.hosting.ovh.net\/wp-content\/uploads\/2025\/11\/oxana-melis-tUu1WN8MuNE-unsplash-1024x683.jpg 1024w, http:\/\/calaism.cluster021.hosting.ovh.net\/wp-content\/uploads\/2025\/11\/oxana-melis-tUu1WN8MuNE-unsplash-768x512.jpg 768w, http:\/\/calaism.cluster021.hosting.ovh.net\/wp-content\/uploads\/2025\/11\/oxana-melis-tUu1WN8MuNE-unsplash-1536x1024.jpg 1536w\" sizes=\"(max-width: 2560px) 100vw, 2560px\" \/>\t\t\t\t\t\t\t\t\t\t\t\t\t\t\t<\/div>\n\t\t\t\t<div class=\"elementor-element elementor-element-cd2fb17 elementor-widget__width-inherit elementor-widget elementor-widget-heading\" data-id=\"cd2fb17\" data-element_type=\"widget\" data-widget_type=\"heading.default\">\n\t\t\t\t\t<h5 class=\"elementor-heading-title elementor-size-default\">Permis VHF CCR<\/h5>\t\t\t\t<\/div>\n\t\t\t\t<div class=\"elementor-element elementor-element-d5c0c68 elementor-widget__width-inherit elementor-widget elementor-widget-text-editor\" data-id=\"d5c0c68\" data-element_type=\"widget\" data-widget_type=\"text-editor.default\">\n\t\t\t\t\t\t\t\t\t<p>Le certificat restreint de <span tabindex=\"0\" role=\"tooltip\"><span class=\"c5aZPb\" tabindex=\"0\" role=\"button\" data-enable-toggle-animation=\"true\" data-extra-container-classes=\"ZLo7Eb\" data-hover-hide-delay=\"1000\" data-hover-open-delay=\"500\" data-send-open-event=\"true\" data-theme=\"0\" data-width=\"250\" data-ved=\"2ahUKEwiOue2mgOuQAxXiU6QEHXlrCbwQmpgGegQIIBAD\"><span class=\"JPfdse\" data-bubble-link=\"\" data-segment-text=\"radio\">radio<\/span><\/span><\/span>t\u00e9l\u00e9phonie donne l&rsquo;autorisation d&rsquo;utiliser une <b>VHF<\/b> (very high frequency), un \u00e9metteur sur ondes m\u00e9triques qui permet, pr\u00e8s des c\u00f4tes, de s&rsquo;int\u00e9grer dans le dispositif radio mondial de d\u00e9tresse et de s\u00e9curit\u00e9 en mer.<\/p>\t\t\t\t\t\t\t\t<\/div>\n\t\t<div class=\"elementor-element elementor-element-e826f32 e-flex e-con-boxed wpr-particle-no wpr-jarallax-no wpr-parallax-no wpr-sticky-section-no e-con e-child\" data-id=\"e826f32\" data-element_type=\"container\">\n\t\t\t\t\t<div class=\"e-con-inner\">\n\t\t\t\t<div class=\"elementor-element elementor-element-bc042c3 elementor-widget elementor-widget-button\" data-id=\"bc042c3\" data-element_type=\"widget\" data-widget_type=\"button.default\">\n\t\t\t\t\t\t\t\t\t\t<a class=\"elementor-button elementor-button-link elementor-size-sm\" href=\"http:\/\/calaism.cluster021.hosting.ovh.net\/index.php\/permis-vhf-crr\/\">\n\t\t\t\t\t\t<span class=\"elementor-button-content-wrapper\">\n\t\t\t\t\t\t\t\t\t<span class=\"elementor-button-text\">En savoir plus<\/span>\n\t\t\t\t\t<\/span>\n\t\t\t\t\t<\/a>\n\t\t\t\t\t\t\t\t<\/div>\n\t\t\t\t\t<\/div>\n\t\t\t\t<\/div>\n\t\t\t\t<\/div>\n\t\t\t\t<\/div>\n\t\t\t\t<div class=\"elementor-element elementor-element-dc1351f elementor-widget__width-inherit elementor-widget elementor-widget-text-editor\" data-id=\"dc1351f\" data-element_type=\"widget\" data-widget_type=\"text-editor.default\">\n\t\t\t\t\t\t\t\t\t<div>ATTENTION ! Pour chaque session, le nombre de places est limit\u00e9.<\/div>\t\t\t\t\t\t\t\t<\/div>\n\t\t\t\t\t<\/div>\n\t\t\t\t<\/div>\n\t\t\t\t<\/div>\n\t\t","protected":false},"excerpt":{"rendered":"<p>Choisissez votre programme Permis mer &#8211; option \u00ab\u00a0c\u00f4ti\u00e8re\u00a0\u00bb &#8211; pour une navigation de jour et de nuit&#8211; jusqu&rsquo;\u00e0 6 milles d&rsquo;un abri (tout lieu o\u00f9 un navire peut accoster ou mouiller en s\u00e9curit\u00e9)- sans limitation de puissance et de jauge- droit d&rsquo;utilisation de la VHF (eaux territoriales fran\u00e7aises)\u00a0 En savoir plus Permis mer &#8211; option \u00ab\u00a0hauturi\u00e8re\u00a0\u00bb &#8211; toute navigation sans limitation de distance,&#8211; sans limitation de jauge et de puissance,&#8211; de jour et de nuit. Le permis bateau option \u00ab hauturi\u00e8re \u00bb est une extension, soit au permis option \u00ab c\u00f4ti\u00e8re \u00bb, soit au permis A de conduire en mer les navires de plaisance \u00e0 moteur, soit au permis \u00ab c\u00f4tier \u00bb. En savoir plus Permis eaux int\u00e9rieures Un titre de conduite est obligatoire pour piloter sur les eaux int\u00e9rieures un bateau de plaisance \u00e0 moteur lorsque la puissance motrice est sup\u00e9rieure \u00e0 4,5 kw (6 CV), y compris pour les bateaux de plaisance \u00e0 voile.Lorem Ipsum is simply dummy text of the printing and typesetting industry. En savoir plus Permis VHF CCR Le certificat restreint de radiot\u00e9l\u00e9phonie donne l&rsquo;autorisation d&rsquo;utiliser une VHF (very high frequency), un \u00e9metteur sur ondes m\u00e9triques qui permet, pr\u00e8s des c\u00f4tes, de s&rsquo;int\u00e9grer dans le dispositif radio mondial de d\u00e9tresse et de s\u00e9curit\u00e9 en mer. En savoir plus ATTENTION ! Pour chaque session, le nombre de places est limit\u00e9.<\/p>\n","protected":false},"author":1,"featured_media":0,"parent":0,"menu_order":0,"comment_status":"closed","ping_status":"closed","template":"elementor_header_footer","meta":{"footnotes":""},"class_list":["post-22","page","type-page","status-publish","hentry"],"_links":{"self":[{"href":"http:\/\/calaism.cluster021.hosting.ovh.net\/index.php\/wp-json\/wp\/v2\/pages\/22","targetHints":{"allow":["GET"]}}],"collection":[{"href":"http:\/\/calaism.cluster021.hosting.ovh.net\/index.php\/wp-json\/wp\/v2\/pages"}],"about":[{"href":"http:\/\/calaism.cluster021.hosting.ovh.net\/index.php\/wp-json\/wp\/v2\/types\/page"}],"author":[{"embeddable":true,"href":"http:\/\/calaism.cluster021.hosting.ovh.net\/index.php\/wp-json\/wp\/v2\/users\/1"}],"replies":[{"embeddable":true,"href":"http:\/\/calaism.cluster021.hosting.ovh.net\/index.php\/wp-json\/wp\/v2\/comments?post=22"}],"version-history":[{"count":16,"href":"http:\/\/calaism.cluster021.hosting.ovh.net\/index.php\/wp-json\/wp\/v2\/pages\/22\/revisions"}],"predecessor-version":[{"id":377,"href":"http:\/\/calaism.cluster021.hosting.ovh.net\/index.php\/wp-json\/wp\/v2\/pages\/22\/revisions\/377"}],"wp:attachment":[{"href":"http:\/\/calaism.cluster021.hosting.ovh.net\/index.php\/wp-json\/wp\/v2\/media?parent=22"}],"curies":[{"name":"wp","href":"https:\/\/api.w.org\/{rel}","templated":true}]}}