{"id":280,"date":"2025-10-15T14:12:10","date_gmt":"2025-10-15T14:12:10","guid":{"rendered":"http:\/\/calaism.cluster021.hosting.ovh.net\/?page_id=280"},"modified":"2025-10-31T10:00:29","modified_gmt":"2025-10-31T10:00:29","slug":"mentions-legales","status":"publish","type":"page","link":"http:\/\/calaism.cluster021.hosting.ovh.net\/index.php\/mentions-legales\/","title":{"rendered":"Mentions l\u00e9gales"},"content":{"rendered":"\t\t<div data-elementor-type=\"wp-page\" data-elementor-id=\"280\" class=\"elementor elementor-280\">\n\t\t\t\t<div class=\"elementor-element elementor-element-1f10614 e-flex e-con-boxed wpr-particle-no wpr-jarallax-no wpr-parallax-no wpr-sticky-section-no e-con e-parent\" data-id=\"1f10614\" data-element_type=\"container\">\n\t\t\t\t\t<div class=\"e-con-inner\">\n\t\t\t\t<div class=\"elementor-element elementor-element-0998999 elementor-widget elementor-widget-heading\" data-id=\"0998999\" data-element_type=\"widget\" data-widget_type=\"heading.default\">\n\t\t\t\t\t<h2 class=\"elementor-heading-title elementor-size-default\"><a href=\"\">Mentions l\u00e9gales<\/a><\/h2>\t\t\t\t<\/div>\n\t\t\t\t<div class=\"elementor-element elementor-element-4f6c0e6 elementor-widget elementor-widget-text-editor\" data-id=\"4f6c0e6\" data-element_type=\"widget\" data-widget_type=\"text-editor.default\">\n\t\t\t\t\t\t\t\t\t<p style=\"text-align: center;\"><strong>\u00c9diteur du site<\/strong><\/p><p style=\"text-align: center;\">Calais Permis Bateau<br \/>par le Yacht Club du Calaisis<br \/>415, route d\u00e9partementale 940<br \/>62231, Sangatte<br \/>06 20 06 11 01<br \/>contact@calais-voile.fr<\/p><p style=\"text-align: center;\">SIRET 513 114 496 00021<br \/>Repr\u00e9sentant l\u00e9gal : LENOIR Vincent<\/p><p style=\"text-align: center;\"><strong>H\u00e9bergeur du site<\/strong><\/p><p>Ce site est h\u00e9berg\u00e9 par OVH SAS 2 rue Kellermann &#8211; 59100 Roubaix &#8211; France<\/p>\t\t\t\t\t\t\t\t<\/div>\n\t\t\t\t<div class=\"elementor-element elementor-element-5e6f567 elementor-vertical-align-top elementor-widget elementor-widget-image-box\" data-id=\"5e6f567\" data-element_type=\"widget\" data-widget_type=\"image-box.default\">\n\t\t\t\t\t<div class=\"elementor-image-box-wrapper\"><div class=\"elementor-image-box-content\"><div class=\"elementor-image-box-title\">Site r\u00e9alis\u00e9 par<\/div><p class=\"elementor-image-box-description\">Sifune - Photographe &amp; Graphiste<\/p><\/div><\/div>\t\t\t\t<\/div>\n\t\t\t\t\t<\/div>\n\t\t\t\t<\/div>\n\t\t\t\t<\/div>\n\t\t","protected":false},"excerpt":{"rendered":"<p>Mentions l\u00e9gales \u00c9diteur du site Calais Permis Bateaupar le Yacht Club du Calaisis415, route d\u00e9partementale 94062231, Sangatte06 20 06 11 01contact@calais-voile.fr SIRET 513 114 496 00021Repr\u00e9sentant l\u00e9gal : LENOIR Vincent H\u00e9bergeur du site Ce site est h\u00e9berg\u00e9 par OVH SAS 2 rue Kellermann &#8211; 59100 Roubaix &#8211; France Site r\u00e9alis\u00e9 par Sifune &#8211; Photographe &amp; Graphiste<\/p>\n","protected":false},"author":1,"featured_media":0,"parent":0,"menu_order":0,"comment_status":"closed","ping_status":"closed","template":"elementor_header_footer","meta":{"footnotes":""},"class_list":["post-280","page","type-page","status-publish","hentry"],"_links":{"self":[{"href":"http:\/\/calaism.cluster021.hosting.ovh.net\/index.php\/wp-json\/wp\/v2\/pages\/280","targetHints":{"allow":["GET"]}}],"collection":[{"href":"http:\/\/calaism.cluster021.hosting.ovh.net\/index.php\/wp-json\/wp\/v2\/pages"}],"about":[{"href":"http:\/\/calaism.cluster021.hosting.ovh.net\/index.php\/wp-json\/wp\/v2\/types\/page"}],"author":[{"embeddable":true,"href":"http:\/\/calaism.cluster021.hosting.ovh.net\/index.php\/wp-json\/wp\/v2\/users\/1"}],"replies":[{"embeddable":true,"href":"http:\/\/calaism.cluster021.hosting.ovh.net\/index.php\/wp-json\/wp\/v2\/comments?post=280"}],"version-history":[{"count":19,"href":"http:\/\/calaism.cluster021.hosting.ovh.net\/index.php\/wp-json\/wp\/v2\/pages\/280\/revisions"}],"predecessor-version":[{"id":341,"href":"http:\/\/calaism.cluster021.hosting.ovh.net\/index.php\/wp-json\/wp\/v2\/pages\/280\/revisions\/341"}],"wp:attachment":[{"href":"http:\/\/calaism.cluster021.hosting.ovh.net\/index.php\/wp-json\/wp\/v2\/media?parent=280"}],"curies":[{"name":"wp","href":"https:\/\/api.w.org\/{rel}","templated":true}]}}