{"id":29,"date":"2025-10-14T13:15:46","date_gmt":"2025-10-14T13:15:46","guid":{"rendered":"http:\/\/calaism.cluster021.hosting.ovh.net\/?page_id=29"},"modified":"2025-10-15T13:29:15","modified_gmt":"2025-10-15T13:29:15","slug":"accueil","status":"publish","type":"page","link":"http:\/\/calaism.cluster021.hosting.ovh.net\/","title":{"rendered":"Accueil"},"content":{"rendered":"\t\t<div data-elementor-type=\"wp-page\" data-elementor-id=\"29\" class=\"elementor elementor-29\">\n\t\t\t\t<div class=\"elementor-element elementor-element-fea6386 e-flex e-con-boxed wpr-particle-no wpr-jarallax-no wpr-parallax-no wpr-sticky-section-no e-con e-parent\" data-id=\"fea6386\" data-element_type=\"container\">\n\t\t\t\t\t<div class=\"e-con-inner\">\n\t\t<div class=\"elementor-element elementor-element-af3fc37 e-con-full e-flex wpr-particle-no wpr-jarallax-no wpr-parallax-no wpr-sticky-section-no e-con e-child\" data-id=\"af3fc37\" data-element_type=\"container\">\n\t\t\t\t<div class=\"elementor-element elementor-element-5edfe43 elementor-widget elementor-widget-heading\" data-id=\"5edfe43\" data-element_type=\"widget\" data-widget_type=\"heading.default\">\n\t\t\t\t\t<h1 class=\"elementor-heading-title elementor-size-default\">Obtenez le permis bateau et prenez le large en toute s\u00e9curit\u00e9 !<\/h1>\t\t\t\t<\/div>\n\t\t\t\t<div class=\"elementor-element elementor-element-cfea933 elementor-widget elementor-widget-text-editor\" data-id=\"cfea933\" data-element_type=\"widget\" data-widget_type=\"text-editor.default\">\n\t\t\t\t\t\t\t\t\t<p>Notre centre de formation situ\u00e9 \u00e0 Sangatte pr\u00e8s de Calais offre les conditions optimales de formation avec des formateurs comp\u00e9tents et disponibles ainsi que du mat\u00e9riel p\u00e9dagogique efficace.Par le Yacht Club du Calaisis<\/p>\t\t\t\t\t\t\t\t<\/div>\n\t\t\t\t<\/div>\n\t\t\t\t<div class=\"elementor-element elementor-element-78084eb elementor-widget__width-inherit elementor-widget elementor-widget-image\" data-id=\"78084eb\" data-element_type=\"widget\" data-widget_type=\"image.default\">\n\t\t\t\t\t\t\t\t\t\t\t\t\t\t\t<img fetchpriority=\"high\" decoding=\"async\" width=\"2560\" height=\"1707\" src=\"http:\/\/calaism.cluster021.hosting.ovh.net\/wp-content\/uploads\/2025\/10\/bas-van-den-eijkhof-w_O7qjB9ZVY-unsplash-1-scaled.jpg\" class=\"attachment-full size-full wp-image-32\" alt=\"Calais permis bateau\" srcset=\"http:\/\/calaism.cluster021.hosting.ovh.net\/wp-content\/uploads\/2025\/10\/bas-van-den-eijkhof-w_O7qjB9ZVY-unsplash-1-scaled.jpg 2560w, http:\/\/calaism.cluster021.hosting.ovh.net\/wp-content\/uploads\/2025\/10\/bas-van-den-eijkhof-w_O7qjB9ZVY-unsplash-1-300x200.jpg 300w, http:\/\/calaism.cluster021.hosting.ovh.net\/wp-content\/uploads\/2025\/10\/bas-van-den-eijkhof-w_O7qjB9ZVY-unsplash-1-1024x683.jpg 1024w, http:\/\/calaism.cluster021.hosting.ovh.net\/wp-content\/uploads\/2025\/10\/bas-van-den-eijkhof-w_O7qjB9ZVY-unsplash-1-768x512.jpg 768w, http:\/\/calaism.cluster021.hosting.ovh.net\/wp-content\/uploads\/2025\/10\/bas-van-den-eijkhof-w_O7qjB9ZVY-unsplash-1-1536x1024.jpg 1536w, http:\/\/calaism.cluster021.hosting.ovh.net\/wp-content\/uploads\/2025\/10\/bas-van-den-eijkhof-w_O7qjB9ZVY-unsplash-1-2048x1366.jpg 2048w\" sizes=\"(max-width: 2560px) 100vw, 2560px\" \/>\t\t\t\t\t\t\t\t\t\t\t\t\t\t\t<\/div>\n\t\t\t\t\t<\/div>\n\t\t\t\t<\/div>\n\t\t<div class=\"elementor-element elementor-element-39e2186 e-flex e-con-boxed wpr-particle-no wpr-jarallax-no wpr-parallax-no wpr-sticky-section-no e-con e-child\" data-id=\"39e2186\" data-element_type=\"container\" data-settings=\"{&quot;background_background&quot;:&quot;classic&quot;}\">\n\t\t\t\t\t<div class=\"e-con-inner\">\n\t\t\t\t<div class=\"elementor-element elementor-element-cee21da elementor-widget__width-initial elementor-widget-mobile__width-inherit elementor-widget elementor-widget-heading\" data-id=\"cee21da\" data-element_type=\"widget\" data-widget_type=\"heading.default\">\n\t\t\t\t\t<h2 class=\"elementor-heading-title elementor-size-default\">Choisissez votre programme<\/h2>\t\t\t\t<\/div>\n\t\t<div class=\"elementor-element elementor-element-06a3344 e-con-full e-grid wpr-particle-no wpr-jarallax-no wpr-parallax-no wpr-sticky-section-no e-con e-child\" data-id=\"06a3344\" data-element_type=\"container\">\n\t\t<div class=\"elementor-element elementor-element-1c34120 e-con-full e-flex wpr-particle-no wpr-jarallax-no wpr-parallax-no wpr-sticky-section-no e-con e-child\" data-id=\"1c34120\" data-element_type=\"container\">\n\t\t\t\t<div class=\"elementor-element elementor-element-3f01481 elementor-widget elementor-widget-image\" data-id=\"3f01481\" data-element_type=\"widget\" data-widget_type=\"image.default\">\n\t\t\t\t\t\t\t\t\t\t\t\t\t\t\t<img decoding=\"async\" width=\"2560\" height=\"1707\" src=\"http:\/\/calaism.cluster021.hosting.ovh.net\/wp-content\/uploads\/2025\/10\/marine-parking-boats-yachts-turkey-yacht-docked-sea-port-scaled.jpg\" class=\"attachment-full size-full wp-image-104\" alt=\"Permis c\u00f4tier\" srcset=\"http:\/\/calaism.cluster021.hosting.ovh.net\/wp-content\/uploads\/2025\/10\/marine-parking-boats-yachts-turkey-yacht-docked-sea-port-scaled.jpg 2560w, http:\/\/calaism.cluster021.hosting.ovh.net\/wp-content\/uploads\/2025\/10\/marine-parking-boats-yachts-turkey-yacht-docked-sea-port-300x200.jpg 300w, http:\/\/calaism.cluster021.hosting.ovh.net\/wp-content\/uploads\/2025\/10\/marine-parking-boats-yachts-turkey-yacht-docked-sea-port-1024x683.jpg 1024w, http:\/\/calaism.cluster021.hosting.ovh.net\/wp-content\/uploads\/2025\/10\/marine-parking-boats-yachts-turkey-yacht-docked-sea-port-768x512.jpg 768w, http:\/\/calaism.cluster021.hosting.ovh.net\/wp-content\/uploads\/2025\/10\/marine-parking-boats-yachts-turkey-yacht-docked-sea-port-1536x1024.jpg 1536w, http:\/\/calaism.cluster021.hosting.ovh.net\/wp-content\/uploads\/2025\/10\/marine-parking-boats-yachts-turkey-yacht-docked-sea-port-2048x1365.jpg 2048w\" sizes=\"(max-width: 2560px) 100vw, 2560px\" \/>\t\t\t\t\t\t\t\t\t\t\t\t\t\t\t<\/div>\n\t\t\t\t<div class=\"elementor-element elementor-element-6abaaa9 elementor-widget__width-inherit elementor-widget elementor-widget-heading\" data-id=\"6abaaa9\" data-element_type=\"widget\" data-widget_type=\"heading.default\">\n\t\t\t\t\t<h5 class=\"elementor-heading-title elementor-size-default\">Permis mer - option \"c\u00f4ti\u00e8re\"<\/h5>\t\t\t\t<\/div>\n\t\t\t\t<div class=\"elementor-element elementor-element-fdeb2d0 elementor-widget__width-inherit elementor-widget elementor-widget-text-editor\" data-id=\"fdeb2d0\" data-element_type=\"widget\" data-widget_type=\"text-editor.default\">\n\t\t\t\t\t\t\t\t\t<p><span style=\"caret-color: #666666; color: #666666; font-family: Arial, Verdana, Helvetica, 'Sans Serif'; font-size: 11px; text-align: justify;\">&#8211; pour une navigation de jour et de nuit,<\/span><br style=\"caret-color: #666666; color: #666666; font-family: Arial, Verdana, Helvetica, 'Sans Serif'; font-size: 11px; text-align: justify;\" \/><span style=\"caret-color: #666666; color: #666666; font-family: Arial, Verdana, Helvetica, 'Sans Serif'; font-size: 11px; text-align: justify;\">&#8211; jusqu\u2019\u00e0 6 milles d\u2019un abri (Tout lieu o\u00f9 un navire peut accoster ou mouiller en s\u00e9curit\u00e9),<\/span><br style=\"caret-color: #666666; color: #666666; font-family: Arial, Verdana, Helvetica, 'Sans Serif'; font-size: 11px; text-align: justify;\" \/><span style=\"caret-color: #666666; color: #666666; font-family: Arial, Verdana, Helvetica, 'Sans Serif'; font-size: 11px; text-align: justify;\">&#8211; sans limitation de puissance et de jauge,<\/span><br style=\"caret-color: #666666; color: #666666; font-family: Arial, Verdana, Helvetica, 'Sans Serif'; font-size: 11px; text-align: justify;\" \/><span style=\"caret-color: #666666; color: #666666; font-family: Arial, Verdana, Helvetica, 'Sans Serif'; font-size: 11px; text-align: justify;\">&#8211; droit d\u2019utilisation de la VHF (eaux territoriales fran\u00e7aises).<\/span><\/p>\t\t\t\t\t\t\t\t<\/div>\n\t\t<div class=\"elementor-element elementor-element-a7291cd e-flex e-con-boxed wpr-particle-no wpr-jarallax-no wpr-parallax-no wpr-sticky-section-no e-con e-child\" data-id=\"a7291cd\" data-element_type=\"container\">\n\t\t\t\t\t<div class=\"e-con-inner\">\n\t\t\t\t<div class=\"elementor-element elementor-element-cca5a3b elementor-align-center elementor-widget elementor-widget-button\" data-id=\"cca5a3b\" data-element_type=\"widget\" data-widget_type=\"button.default\">\n\t\t\t\t\t\t\t\t\t\t<a class=\"elementor-button elementor-button-link elementor-size-sm\" href=\"http:\/\/calaism.cluster021.hosting.ovh.net\/index.php\/permis-mer-option-cotiere\/\">\n\t\t\t\t\t\t<span class=\"elementor-button-content-wrapper\">\n\t\t\t\t\t\t\t\t\t<span class=\"elementor-button-text\">En savoir plus<\/span>\n\t\t\t\t\t<\/span>\n\t\t\t\t\t<\/a>\n\t\t\t\t\t\t\t\t<\/div>\n\t\t\t\t\t<\/div>\n\t\t\t\t<\/div>\n\t\t\t\t<\/div>\n\t\t<div class=\"elementor-element elementor-element-d1b064e e-con-full e-flex wpr-particle-no wpr-jarallax-no wpr-parallax-no wpr-sticky-section-no e-con e-child\" data-id=\"d1b064e\" data-element_type=\"container\">\n\t\t\t\t<div class=\"elementor-element elementor-element-d106b0e elementor-widget elementor-widget-image\" data-id=\"d106b0e\" data-element_type=\"widget\" data-widget_type=\"image.default\">\n\t\t\t\t\t\t\t\t\t\t\t\t\t\t\t<img decoding=\"async\" src=\"http:\/\/calaism.cluster021.hosting.ovh.net\/wp-content\/uploads\/2025\/10\/mesmerizing-view-boat-calm-sea-foggy-day-1-scaled.jpg\" title=\"mesmerizing-view-boat-calm-sea-foggy-day\" alt=\"Permis hauturier\" loading=\"lazy\" \/>\t\t\t\t\t\t\t\t\t\t\t\t\t\t\t<\/div>\n\t\t\t\t<div class=\"elementor-element elementor-element-f45fd8f elementor-widget__width-inherit elementor-widget elementor-widget-heading\" data-id=\"f45fd8f\" data-element_type=\"widget\" data-widget_type=\"heading.default\">\n\t\t\t\t\t<h5 class=\"elementor-heading-title elementor-size-default\">Permis mer - option \"hauturi\u00e8re\"<\/h5>\t\t\t\t<\/div>\n\t\t\t\t<div class=\"elementor-element elementor-element-2c81e05 elementor-widget__width-inherit elementor-widget elementor-widget-text-editor\" data-id=\"2c81e05\" data-element_type=\"widget\" data-widget_type=\"text-editor.default\">\n\t\t\t\t\t\t\t\t\t<div>&#8211; toute navigation sans limitation de distance,<br>&#8211; sans limitation de jauge et de puissance,<br>&#8211; de jour et de nuit.<\/div>\n<div>Le permis bateau option \u00ab hauturi\u00e8re \u00bb est une extension, soit au permis option \u00ab c\u00f4ti\u00e8re \u00bb, soit au permis A de conduire en mer les navires de plaisance \u00e0 moteur, soit au permis \u00ab c\u00f4tier \u00bb.<\/div>\n<div><br><\/div>\t\t\t\t\t\t\t\t<\/div>\n\t\t<div class=\"elementor-element elementor-element-9ab0e04 e-flex e-con-boxed wpr-particle-no wpr-jarallax-no wpr-parallax-no wpr-sticky-section-no e-con e-child\" data-id=\"9ab0e04\" data-element_type=\"container\">\n\t\t\t\t\t<div class=\"e-con-inner\">\n\t\t\t\t<div class=\"elementor-element elementor-element-bddea52 elementor-widget elementor-widget-button\" data-id=\"bddea52\" data-element_type=\"widget\" data-widget_type=\"button.default\">\n\t\t\t\t\t\t\t\t\t\t<a class=\"elementor-button elementor-button-link elementor-size-sm\" href=\"http:\/\/calaism.cluster021.hosting.ovh.net\/index.php\/permis-mer-option-hauturiere\/\">\n\t\t\t\t\t\t<span class=\"elementor-button-content-wrapper\">\n\t\t\t\t\t\t\t\t\t<span class=\"elementor-button-text\">En savoir plus<\/span>\n\t\t\t\t\t<\/span>\n\t\t\t\t\t<\/a>\n\t\t\t\t\t\t\t\t<\/div>\n\t\t\t\t\t<\/div>\n\t\t\t\t<\/div>\n\t\t\t\t<\/div>\n\t\t<div class=\"elementor-element elementor-element-1031a16 e-con-full e-flex wpr-particle-no wpr-jarallax-no wpr-parallax-no wpr-sticky-section-no e-con e-child\" data-id=\"1031a16\" data-element_type=\"container\">\n\t\t\t\t<div class=\"elementor-element elementor-element-86bc7b6 elementor-widget elementor-widget-image\" data-id=\"86bc7b6\" data-element_type=\"widget\" data-widget_type=\"image.default\">\n\t\t\t\t\t\t\t\t\t\t\t\t\t\t\t<img decoding=\"async\" width=\"2560\" height=\"1707\" src=\"http:\/\/calaism.cluster021.hosting.ovh.net\/wp-content\/uploads\/2025\/10\/sailboat-sea-evening-sunlight-beautiful-sea-luxury-summer-adventure-active-vacation-mediterranean-sea-turkey-scaled.jpg\" class=\"attachment-full size-full wp-image-107\" alt=\"Permis eaux int\u00e9rieures\" srcset=\"http:\/\/calaism.cluster021.hosting.ovh.net\/wp-content\/uploads\/2025\/10\/sailboat-sea-evening-sunlight-beautiful-sea-luxury-summer-adventure-active-vacation-mediterranean-sea-turkey-scaled.jpg 2560w, http:\/\/calaism.cluster021.hosting.ovh.net\/wp-content\/uploads\/2025\/10\/sailboat-sea-evening-sunlight-beautiful-sea-luxury-summer-adventure-active-vacation-mediterranean-sea-turkey-300x200.jpg 300w, http:\/\/calaism.cluster021.hosting.ovh.net\/wp-content\/uploads\/2025\/10\/sailboat-sea-evening-sunlight-beautiful-sea-luxury-summer-adventure-active-vacation-mediterranean-sea-turkey-1024x683.jpg 1024w, http:\/\/calaism.cluster021.hosting.ovh.net\/wp-content\/uploads\/2025\/10\/sailboat-sea-evening-sunlight-beautiful-sea-luxury-summer-adventure-active-vacation-mediterranean-sea-turkey-768x512.jpg 768w, http:\/\/calaism.cluster021.hosting.ovh.net\/wp-content\/uploads\/2025\/10\/sailboat-sea-evening-sunlight-beautiful-sea-luxury-summer-adventure-active-vacation-mediterranean-sea-turkey-1536x1024.jpg 1536w, http:\/\/calaism.cluster021.hosting.ovh.net\/wp-content\/uploads\/2025\/10\/sailboat-sea-evening-sunlight-beautiful-sea-luxury-summer-adventure-active-vacation-mediterranean-sea-turkey-2048x1365.jpg 2048w\" sizes=\"(max-width: 2560px) 100vw, 2560px\" \/>\t\t\t\t\t\t\t\t\t\t\t\t\t\t\t<\/div>\n\t\t\t\t<div class=\"elementor-element elementor-element-2f078df elementor-widget__width-inherit elementor-widget elementor-widget-heading\" data-id=\"2f078df\" data-element_type=\"widget\" data-widget_type=\"heading.default\">\n\t\t\t\t\t<h5 class=\"elementor-heading-title elementor-size-default\">Permis eaux int\u00e9rieures<\/h5>\t\t\t\t<\/div>\n\t\t\t\t<div class=\"elementor-element elementor-element-9eac314 elementor-widget__width-inherit elementor-widget elementor-widget-text-editor\" data-id=\"9eac314\" data-element_type=\"widget\" data-widget_type=\"text-editor.default\">\n\t\t\t\t\t\t\t\t\t<p>Un titre de conduite est obligatoire pour piloter sur les eaux int\u00e9rieures un bateau de plaisance \u00e0 moteur lorsque la puissance motrice est sup\u00e9rieure \u00e0 4,5 kw (6 CV), y compris pour les bateaux de plaisance \u00e0 voile.Lorem Ipsum is simply dummy text of the printing and typesetting industry.<\/p>\t\t\t\t\t\t\t\t<\/div>\n\t\t<div class=\"elementor-element elementor-element-60c6ae1 e-flex e-con-boxed wpr-particle-no wpr-jarallax-no wpr-parallax-no wpr-sticky-section-no e-con e-child\" data-id=\"60c6ae1\" data-element_type=\"container\">\n\t\t\t\t\t<div class=\"e-con-inner\">\n\t\t\t\t<div class=\"elementor-element elementor-element-217197e elementor-widget elementor-widget-button\" data-id=\"217197e\" data-element_type=\"widget\" data-widget_type=\"button.default\">\n\t\t\t\t\t\t\t\t\t\t<a class=\"elementor-button elementor-button-link elementor-size-sm\" href=\"http:\/\/calaism.cluster021.hosting.ovh.net\/index.php\/permis-eaux-interieures\/\">\n\t\t\t\t\t\t<span class=\"elementor-button-content-wrapper\">\n\t\t\t\t\t\t\t\t\t<span class=\"elementor-button-text\">En savoir plus<\/span>\n\t\t\t\t\t<\/span>\n\t\t\t\t\t<\/a>\n\t\t\t\t\t\t\t\t<\/div>\n\t\t\t\t\t<\/div>\n\t\t\t\t<\/div>\n\t\t\t\t<\/div>\n\t\t\t\t<\/div>\n\t\t\t\t<div class=\"elementor-element elementor-element-d3827ad elementor-widget__width-inherit elementor-widget elementor-widget-text-editor\" data-id=\"d3827ad\" data-element_type=\"widget\" data-widget_type=\"text-editor.default\">\n\t\t\t\t\t\t\t\t\t<div>ATTENTION ! Pour chaque session, le nombre de places est limit\u00e9.<\/div>\t\t\t\t\t\t\t\t<\/div>\n\t\t\t\t\t<\/div>\n\t\t\t\t<\/div>\n\t\t<div class=\"elementor-element elementor-element-71b5b21 e-flex e-con-boxed wpr-particle-no wpr-jarallax-no wpr-parallax-no wpr-sticky-section-no e-con e-parent\" data-id=\"71b5b21\" data-element_type=\"container\">\n\t\t\t\t\t<div class=\"e-con-inner\">\n\t\t\t\t<div class=\"elementor-element elementor-element-1db788d elementor-widget elementor-widget-html\" data-id=\"1db788d\" data-element_type=\"widget\" data-widget_type=\"html.default\">\n\t\t\t\t\t\t\t\t<iframe\n\t\t\t\tid=\"idIframe\"\n\t\t\t\tsrc=\"https:\/\/www.helloasso.com\/associations\/yacht-club-du-calaisis\/boutiques\/calais-permis-bateau\/widget\"\n\t\t\t\theight=750px\"\t\t\t\twidth=100%\"\t\t\t\tframeborder=\"0\"\n\t\t\t\tloading=\"lazy\"\n\t\t\t\tallowtransparency=\"true\"\n\t\t\t\tonload=\"resizeIframeMessage()\"><\/iframe>\n\t\t\t\t<\/div>\n\t\t\t\t\t<\/div>\n\t\t\t\t<\/div>\n\t\t\t\t<\/div>\n\t\t","protected":false},"excerpt":{"rendered":"<p>Obtenez le permis bateau et prenez le large en toute s\u00e9curit\u00e9 ! Notre centre de formation situ\u00e9 \u00e0 Sangatte pr\u00e8s de Calais offre les conditions optimales de formation avec des formateurs comp\u00e9tents et disponibles ainsi que du mat\u00e9riel p\u00e9dagogique efficace.Par le Yacht Club du Calaisis Choisissez votre programme Permis mer &#8211; option \u00ab\u00a0c\u00f4ti\u00e8re\u00a0\u00bb &#8211; pour une navigation de jour et de nuit,&#8211; jusqu\u2019\u00e0 6 milles d\u2019un abri (Tout lieu o\u00f9 un navire peut accoster ou mouiller en s\u00e9curit\u00e9),&#8211; sans limitation de puissance et de jauge,&#8211; droit d\u2019utilisation de la VHF (eaux territoriales fran\u00e7aises). En savoir plus Permis mer &#8211; option \u00ab\u00a0hauturi\u00e8re\u00a0\u00bb &#8211; toute navigation sans limitation de distance,&#8211; sans limitation de jauge et de puissance,&#8211; de jour et de nuit. Le permis bateau option \u00ab hauturi\u00e8re \u00bb est une extension, soit au permis option \u00ab c\u00f4ti\u00e8re \u00bb, soit au permis A de conduire en mer les navires de plaisance \u00e0 moteur, soit au permis \u00ab c\u00f4tier \u00bb. En savoir plus Permis eaux int\u00e9rieures Un titre de conduite est obligatoire pour piloter sur les eaux int\u00e9rieures un bateau de plaisance \u00e0 moteur lorsque la puissance motrice est sup\u00e9rieure \u00e0 4,5 kw (6 CV), y compris pour les bateaux de plaisance \u00e0 voile.Lorem Ipsum is simply dummy text of the printing and typesetting industry. En savoir plus ATTENTION ! Pour chaque session, le nombre de places est limit\u00e9.<\/p>\n","protected":false},"author":1,"featured_media":0,"parent":0,"menu_order":0,"comment_status":"closed","ping_status":"closed","template":"elementor_header_footer","meta":{"footnotes":""},"class_list":["post-29","page","type-page","status-publish","hentry"],"_links":{"self":[{"href":"http:\/\/calaism.cluster021.hosting.ovh.net\/index.php\/wp-json\/wp\/v2\/pages\/29","targetHints":{"allow":["GET"]}}],"collection":[{"href":"http:\/\/calaism.cluster021.hosting.ovh.net\/index.php\/wp-json\/wp\/v2\/pages"}],"about":[{"href":"http:\/\/calaism.cluster021.hosting.ovh.net\/index.php\/wp-json\/wp\/v2\/types\/page"}],"author":[{"embeddable":true,"href":"http:\/\/calaism.cluster021.hosting.ovh.net\/index.php\/wp-json\/wp\/v2\/users\/1"}],"replies":[{"embeddable":true,"href":"http:\/\/calaism.cluster021.hosting.ovh.net\/index.php\/wp-json\/wp\/v2\/comments?post=29"}],"version-history":[{"count":32,"href":"http:\/\/calaism.cluster021.hosting.ovh.net\/index.php\/wp-json\/wp\/v2\/pages\/29\/revisions"}],"predecessor-version":[{"id":202,"href":"http:\/\/calaism.cluster021.hosting.ovh.net\/index.php\/wp-json\/wp\/v2\/pages\/29\/revisions\/202"}],"wp:attachment":[{"href":"http:\/\/calaism.cluster021.hosting.ovh.net\/index.php\/wp-json\/wp\/v2\/media?parent=29"}],"curies":[{"name":"wp","href":"https:\/\/api.w.org\/{rel}","templated":true}]}}