{"id":327,"date":"2025-10-31T09:44:17","date_gmt":"2025-10-31T09:44:17","guid":{"rendered":"http:\/\/calaism.cluster021.hosting.ovh.net\/?page_id=327"},"modified":"2026-04-26T20:13:44","modified_gmt":"2026-04-26T20:13:44","slug":"permis-vhf-crr","status":"publish","type":"page","link":"http:\/\/calaism.cluster021.hosting.ovh.net\/index.php\/permis-vhf-crr\/","title":{"rendered":"Permis VHF CRR"},"content":{"rendered":"\t\t<div data-elementor-type=\"wp-page\" data-elementor-id=\"327\" class=\"elementor elementor-327\">\n\t\t\t\t<div class=\"elementor-element elementor-element-8fa966f e-flex e-con-boxed wpr-particle-no wpr-jarallax-no wpr-parallax-no wpr-sticky-section-no e-con e-parent\" data-id=\"8fa966f\" data-element_type=\"container\">\n\t\t\t\t\t<div class=\"e-con-inner\">\n\t\t<div class=\"elementor-element elementor-element-2a82416 e-con-full e-flex wpr-particle-no wpr-jarallax-no wpr-parallax-no wpr-sticky-section-no e-con e-child\" data-id=\"2a82416\" data-element_type=\"container\">\n\t\t<div class=\"elementor-element elementor-element-02d48d9 e-con-full e-flex wpr-particle-no wpr-jarallax-no wpr-parallax-no wpr-sticky-section-no e-con e-child\" data-id=\"02d48d9\" data-element_type=\"container\" data-settings=\"{&quot;background_background&quot;:&quot;classic&quot;}\">\n\t\t<div class=\"elementor-element elementor-element-a339b8a e-con-full e-flex wpr-particle-no wpr-jarallax-no wpr-parallax-no wpr-sticky-section-no e-con e-child\" data-id=\"a339b8a\" data-element_type=\"container\">\n\t\t\t\t<div class=\"elementor-element elementor-element-123b67f elementor-widget elementor-widget-heading\" data-id=\"123b67f\" data-element_type=\"widget\" data-widget_type=\"heading.default\">\n\t\t\t\t\t<h2 class=\"elementor-heading-title elementor-size-default\">Permis VHF CCR<\/h2>\t\t\t\t<\/div>\n\t\t\t\t<\/div>\n\t\t\t\t<\/div>\n\t\t\t\t<div class=\"elementor-element elementor-element-fcd6827 elementor-widget__width-initial elementor-widget-mobile__width-inherit elementor-widget elementor-widget-text-editor\" data-id=\"fcd6827\" data-element_type=\"widget\" data-widget_type=\"text-editor.default\">\n\t\t\t\t\t\t\t\t\t<h2>La r\u00e9glementation<\/h2><p>Obligatoire pour utiliser une VHF au-del\u00e0 de 12 milles des c\u00f4tes et \u00e0 l\u2019\u00e9tranger, le CRR maritime est d\u00e9livr\u00e9 en France par l\u2019ANFR (Agence Nationale des Fr\u00e9quences. Le CRR maritime permet \u00e9galement d\u2019utiliser la VHF dans les eaux int\u00e9rieures.<\/p><h2>Notre formation<\/h2><p>Pour pr\u00e9parer \u00e0 l\u2019examen du CRR maritime, le Yacht Club du Calaisis, bateau-\u00e9cole agr\u00e9\u00e9, vous propose une <strong>formation 100% en ligne<\/strong>, compl\u00e8te, efficace et dynamique. Gr\u00e2ce \u00e0 votre identifiant personnel, vous vous connectez \u00e0 notre plateforme p\u00e9dagogique o\u00f9 vous visionnez les vid\u00e9os de formation et contr\u00f4lez votre progression gr\u00e2ce aux tests en ligne.<\/p><h2>L\u2019examen<\/h2><p>L\u2019examen du CRR maritime comporte 24 questions r\u00e9parties en 3 domaines. La moyenne \u00e0 chacune des trois parties indiqu\u00e9es ci-dessous est n\u00e9cessaire pour \u00eatre re\u00e7u \u00e0 l&rsquo;examen:<\/p><p><span style=\"text-decoration: underline;\">Th\u00e8mes des questions de l\u2019examen:<\/span><\/p><ul><li>G\u00e9n\u00e9ralit\u00e9s du service mobile maritime : 6 questions<\/li><li>Radiot\u00e9l\u00e9phonie VHF : 8 questions<\/li><li>Utilisation pratique de VHF ASN (SMDSM) : 10 questions<\/li><\/ul><h2>S\u2019inscrire \u00e0 l\u2019examen<\/h2><div>Vous devez vous-m\u00eame proc\u00e9der \u00e0 votre inscription et au paiement des frais d&rsquo;examen mais nous vous transmettrons toutes les informations pour accomplir cette proc\u00e9dure.<\/div><div>Le jour de l&rsquo;\u00e9preuve, n&rsquo;oubliez pas de vous munir d&rsquo;une pi\u00e8ce d&rsquo;identit\u00e9.<\/div>\t\t\t\t\t\t\t\t<\/div>\n\t\t\t\t<\/div>\n\t\t\t\t\t<\/div>\n\t\t\t\t<\/div>\n\t\t\t\t<\/div>\n\t\t","protected":false},"excerpt":{"rendered":"<p>Permis VHF CCR La r\u00e9glementation Obligatoire pour utiliser une VHF au-del\u00e0 de 12 milles des c\u00f4tes et \u00e0 l\u2019\u00e9tranger, le CRR maritime est d\u00e9livr\u00e9 en France par l\u2019ANFR (Agence Nationale des Fr\u00e9quences. Le CRR maritime permet \u00e9galement d\u2019utiliser la VHF dans les eaux int\u00e9rieures. Notre formation Pour pr\u00e9parer \u00e0 l\u2019examen du CRR maritime, le Yacht Club du Calaisis, bateau-\u00e9cole agr\u00e9\u00e9, vous propose une formation 100% en ligne, compl\u00e8te, efficace et dynamique. Gr\u00e2ce \u00e0 votre identifiant personnel, vous vous connectez \u00e0 notre plateforme p\u00e9dagogique o\u00f9 vous visionnez les vid\u00e9os de formation et contr\u00f4lez votre progression gr\u00e2ce aux tests en ligne. L\u2019examen L\u2019examen du CRR maritime comporte 24 questions r\u00e9parties en 3 domaines. La moyenne \u00e0 chacune des trois parties indiqu\u00e9es ci-dessous est n\u00e9cessaire pour \u00eatre re\u00e7u \u00e0 l&rsquo;examen: Th\u00e8mes des questions de l\u2019examen: G\u00e9n\u00e9ralit\u00e9s du service mobile maritime : 6 questions Radiot\u00e9l\u00e9phonie VHF : 8 questions Utilisation pratique de VHF ASN (SMDSM) : 10 questions S\u2019inscrire \u00e0 l\u2019examen Vous devez vous-m\u00eame proc\u00e9der \u00e0 votre inscription et au paiement des frais d&rsquo;examen mais nous vous transmettrons toutes les informations pour accomplir cette proc\u00e9dure.Le jour de l&rsquo;\u00e9preuve, n&rsquo;oubliez pas de vous munir d&rsquo;une pi\u00e8ce d&rsquo;identit\u00e9.<\/p>\n","protected":false},"author":1,"featured_media":0,"parent":0,"menu_order":0,"comment_status":"closed","ping_status":"closed","template":"elementor_header_footer","meta":{"footnotes":""},"class_list":["post-327","page","type-page","status-publish","hentry"],"_links":{"self":[{"href":"http:\/\/calaism.cluster021.hosting.ovh.net\/index.php\/wp-json\/wp\/v2\/pages\/327","targetHints":{"allow":["GET"]}}],"collection":[{"href":"http:\/\/calaism.cluster021.hosting.ovh.net\/index.php\/wp-json\/wp\/v2\/pages"}],"about":[{"href":"http:\/\/calaism.cluster021.hosting.ovh.net\/index.php\/wp-json\/wp\/v2\/types\/page"}],"author":[{"embeddable":true,"href":"http:\/\/calaism.cluster021.hosting.ovh.net\/index.php\/wp-json\/wp\/v2\/users\/1"}],"replies":[{"embeddable":true,"href":"http:\/\/calaism.cluster021.hosting.ovh.net\/index.php\/wp-json\/wp\/v2\/comments?post=327"}],"version-history":[{"count":7,"href":"http:\/\/calaism.cluster021.hosting.ovh.net\/index.php\/wp-json\/wp\/v2\/pages\/327\/revisions"}],"predecessor-version":[{"id":440,"href":"http:\/\/calaism.cluster021.hosting.ovh.net\/index.php\/wp-json\/wp\/v2\/pages\/327\/revisions\/440"}],"wp:attachment":[{"href":"http:\/\/calaism.cluster021.hosting.ovh.net\/index.php\/wp-json\/wp\/v2\/media?parent=327"}],"curies":[{"name":"wp","href":"https:\/\/api.w.org\/{rel}","templated":true}]}}