{"id":42,"date":"2025-10-14T13:08:05","date_gmt":"2025-10-14T13:08:05","guid":{"rendered":"http:\/\/calaism.cluster021.hosting.ovh.net\/?page_id=42"},"modified":"2026-04-26T20:19:55","modified_gmt":"2026-04-26T20:19:55","slug":"tarifs","status":"publish","type":"page","link":"http:\/\/calaism.cluster021.hosting.ovh.net\/index.php\/tarifs\/","title":{"rendered":"Tarifs"},"content":{"rendered":"\t\t<div data-elementor-type=\"wp-page\" data-elementor-id=\"42\" class=\"elementor elementor-42\">\n\t\t\t\t<div class=\"elementor-element elementor-element-fdb2dc6 e-flex e-con-boxed wpr-particle-no wpr-jarallax-no wpr-parallax-no wpr-sticky-section-no e-con e-parent\" data-id=\"fdb2dc6\" data-element_type=\"container\">\n\t\t\t\t\t<div class=\"e-con-inner\">\n\t\t\t\t<div class=\"elementor-element elementor-element-6d172b3 elementor-widget__width-inherit elementor-widget elementor-widget-heading\" data-id=\"6d172b3\" data-element_type=\"widget\" data-widget_type=\"heading.default\">\n\t\t\t\t\t<h2 class=\"elementor-heading-title elementor-size-default\">Tarifs 2026<\/h2>\t\t\t\t<\/div>\n\t\t\t\t<div class=\"elementor-element elementor-element-33bee3f elementor-widget__width-inherit elementor-widget elementor-widget-text-editor\" data-id=\"33bee3f\" data-element_type=\"widget\" data-widget_type=\"text-editor.default\">\n\t\t\t\t\t\t\t\t\t<p><strong>Depuis 2013, nos tarifs sont maintenus (ou en baisse!), profitez-en!<\/strong><br \/><strong>Tarifs au 1er janvier 2026<\/strong><\/p><p style=\"font-weight: 400;\"><strong>Moins cher ailleurs? M\u00e9fiez-vous des \u00ab\u00a0super\u00a0promos d&rsquo;internet\u00a0\u00bb!<\/strong><\/p><p style=\"font-weight: 400; text-align: left;\"><u>Notre tarif de formation est sans mauvaise surprise:<\/u><\/p><ul><li style=\"text-align: left;\">pas de frais de dossier cach\u00e9s<\/li><li style=\"font-weight: 400; text-align: left;\">pas de documents p\u00e9dagogiques \u00e0 acheter en suppl\u00e9ment, tout est fourni<\/li><li style=\"font-weight: 400; text-align: left;\">pas de \u00ab\u00a0petits\u00a0caract\u00e8res\u00a0\u00bb dans le contrat de formation<\/li><li style=\"font-weight: 400; text-align: left;\">acc\u00e8s aux tests en ligne compris<\/li><li style=\"font-weight: 400; text-align: left;\">grande souplesse pour programmer vos cours de conduite bateau<\/li><li style=\"font-weight: 400; text-align: left;\">formation pratique (conduite bateau) sans suppl\u00e9ment\u00a0au-del\u00e0 des 3h30 r\u00e9glementaires<\/li><li style=\"font-weight: 400; text-align: left;\">une \u00e9quipe de formateurs disponible pour r\u00e9pondre \u00e0 vos questions tout au long de votre formation<\/li><\/ul>\t\t\t\t\t\t\t\t<\/div>\n\t\t<div class=\"elementor-element elementor-element-e2dc148 e-con-full e-grid wpr-particle-no wpr-jarallax-no wpr-parallax-no wpr-sticky-section-no e-con e-child\" data-id=\"e2dc148\" data-element_type=\"container\">\n\t\t<div class=\"elementor-element elementor-element-7caa134 e-con-full e-flex wpr-particle-no wpr-jarallax-no wpr-parallax-no wpr-sticky-section-no e-con e-child\" data-id=\"7caa134\" data-element_type=\"container\">\n\t\t<div class=\"elementor-element elementor-element-6bb21ae e-con-full e-flex wpr-particle-no wpr-jarallax-no wpr-parallax-no wpr-sticky-section-no e-con e-child\" data-id=\"6bb21ae\" data-element_type=\"container\">\n\t\t\t\t<div class=\"elementor-element elementor-element-558ac39 elementor-widget elementor-widget-text-editor\" data-id=\"558ac39\" data-element_type=\"widget\" data-widget_type=\"text-editor.default\">\n\t\t\t\t\t\t\t\t\t<h3><strong>Permis option<br \/>\u00ab c\u00f4ti\u00e8re \u00bb :<\/strong><\/h3>\t\t\t\t\t\t\t\t<\/div>\n\t\t\t\t<div class=\"elementor-element elementor-element-911091f elementor-widget elementor-widget-heading\" data-id=\"911091f\" data-element_type=\"widget\" data-widget_type=\"heading.default\">\n\t\t\t\t\t<div class=\"elementor-heading-title elementor-size-default\">300,-\u20ac Forfait incluant:<\/div>\t\t\t\t<\/div>\n\t\t\t\t<div class=\"elementor-element elementor-element-0cc4fed elementor-widget elementor-widget-text-editor\" data-id=\"0cc4fed\" data-element_type=\"widget\" data-widget_type=\"text-editor.default\">\n\t\t\t\t\t\t\t\t\t<p style=\"font-weight: 400;\"><em>Tarif de groupe (3 personnes minimum, inscription simultan\u00e9e): 270,-\u20ac par personne Forfait incluant:<\/em><\/p><ul><li style=\"font-weight: 400;\">Formation th\u00e9orique (minimum 5 heures): cours + tests,\u00a0<u>toujours en pr\u00e9sence d&rsquo;un formateur<\/u><\/li><li style=\"font-weight: 400;\">Formation pratique (minimum 3h30): cours\u00a0<u>sur rendez-vous, sans contrainte de mar\u00e9e<\/u><\/li><li style=\"font-weight: 400;\">Kit p\u00e9dagogique (mallette, livre de code, aide-m\u00e9moire, bloc notes, crayon)<\/li><li style=\"font-weight: 400;\">Acc\u00e8s easyweb pour vous tester et r\u00e9viser \u00e0 la maison (acc\u00e8s internet n\u00e9cessaire)<\/li><li style=\"font-weight: 400;\">Formalit\u00e9s administratives d&rsquo;inscription aupr\u00e8s des Affaires Maritimes (illimit\u00e9 jusqu&rsquo;\u00e0 votre r\u00e9ussite).<\/li><li style=\"font-weight: 400;\">Acc\u00e8s aux sessions de formation pendant 6 mois<\/li><\/ul><p style=\"font-weight: 400;\"><u>Ne sont pas inclus :<\/u><\/p><ul><li style=\"font-weight: 400;\">paiement de 30\u20ac pour la pr\u00e9sentation \u00e0 l&rsquo;examen<\/li><li style=\"font-weight: 400;\">timbre fiscal \u00e0 78\u20ac pour la d\u00e9livrance du permis<\/li><\/ul><p><strong>Option<\/strong>: activation d&rsquo;une session easyweb suppl\u00e9mentaire en cas d&rsquo;\u00e9chec \u00e0 l&rsquo;examen th\u00e9orique: 20,-\u20ac (non obligatoire)<\/p>\t\t\t\t\t\t\t\t<\/div>\n\t\t\t\t<div class=\"elementor-element elementor-element-f94c40c elementor-widget elementor-widget-heading\" data-id=\"f94c40c\" data-element_type=\"widget\" data-widget_type=\"heading.default\">\n\t\t\t\t\t<div class=\"elementor-heading-title elementor-size-default\">Tarifs r\u00e9duits:<\/div>\t\t\t\t<\/div>\n\t\t\t\t<div class=\"elementor-element elementor-element-b7b46b0 elementor-widget elementor-widget-text-editor\" data-id=\"b7b46b0\" data-element_type=\"widget\" data-widget_type=\"text-editor.default\">\n\t\t\t\t\t\t\t\t\t<ul><li>Tarif de groupe (3 personnes minimum, inscription simultan\u00e9e): 270,-\u20ac par personne<\/li><li>Licenci\u00e9s \u00e0 la F\u00e9d\u00e9ration Fran\u00e7aise de Voile (licence club en cours de validit\u00e9): 270,-\u20ac<\/li><li>Jeune de moins de 25 ans: 270,-\u20ac<\/li><li>Adh\u00e9rents du Yacht Club du Calaisis pour l&rsquo;ann\u00e9e en cours: 250,-\u20ac<\/li><\/ul>\t\t\t\t\t\t\t\t<\/div>\n\t\t\t\t<\/div>\n\t\t\t\t<\/div>\n\t\t<div class=\"elementor-element elementor-element-88c17b7 e-con-full e-flex wpr-particle-no wpr-jarallax-no wpr-parallax-no wpr-sticky-section-no e-con e-child\" data-id=\"88c17b7\" data-element_type=\"container\">\n\t\t<div class=\"elementor-element elementor-element-fd3329e e-con-full e-flex wpr-particle-no wpr-jarallax-no wpr-parallax-no wpr-sticky-section-no e-con e-child\" data-id=\"fd3329e\" data-element_type=\"container\">\n\t\t\t\t<div class=\"elementor-element elementor-element-8aaa8b0 elementor-widget elementor-widget-text-editor\" data-id=\"8aaa8b0\" data-element_type=\"widget\" data-widget_type=\"text-editor.default\">\n\t\t\t\t\t\t\t\t\t<h3 style=\"text-align: left;\"><strong>Permis extension \u00ab hauturi\u00e8re \u00bb\u00a0<\/strong><span style=\"font-family: inherit; font-size: 1.25rem; text-align: var(--text-align);\">pour les titulaires d&rsquo;un permis \u00ab\u00a0option c\u00f4ti\u00e8re\u00a0\u00bb:<\/span><\/h3>\t\t\t\t\t\t\t\t<\/div>\n\t\t\t\t<div class=\"elementor-element elementor-element-e19dd4d elementor-widget elementor-widget-heading\" data-id=\"e19dd4d\" data-element_type=\"widget\" data-widget_type=\"heading.default\">\n\t\t\t\t\t<div class=\"elementor-heading-title elementor-size-default\">390,-\u20ac Forfait incluant:<\/div>\t\t\t\t<\/div>\n\t\t\t\t<div class=\"elementor-element elementor-element-564aaf3 elementor-widget elementor-widget-text-editor\" data-id=\"564aaf3\" data-element_type=\"widget\" data-widget_type=\"text-editor.default\">\n\t\t\t\t\t\t\t\t\t<ul><li style=\"font-weight: 400;\">Formation th\u00e9orique (2 cours par semaine pendant 5 semaines): cours + tests,\u00a0<u>toujours en pr\u00e9sence d&rsquo;un formateur<\/u><\/li><li style=\"font-weight: 400;\">Fournitures p\u00e9dagogiques (cours, carte d&rsquo;examen SHOM 9999 pli\u00e9e*)<\/li><li style=\"font-weight: 400;\">Mat\u00e9riel pr\u00eat\u00e9: compas droit, r\u00e8gle de navigation (caution: 40\u20ac)<\/li><li style=\"font-weight: 400;\">Formalit\u00e9s administratives d&rsquo;inscription aupr\u00e8s des Affaires Maritimes<\/li><li style=\"font-weight: 400;\">Acc\u00e8s aux sessions de formation pendant 1 an<\/li><\/ul><p style=\"font-weight: 400;\">* la carte marine n&rsquo;est pas restitu\u00e9e par les Affaires Maritimes \u00e0 l&rsquo;issue de l&rsquo;examen<\/p><p style=\"font-weight: 400;\"><u>Ne sont pas inclus :<\/u><\/p><ul><li style=\"font-weight: 400;\">Timbre fiscal \u00e0 38\u20ac pour la pr\u00e9sentation \u00e0 l&rsquo;examen<\/li><li style=\"font-weight: 400;\">mat\u00e9riel \u00e0 pr\u00e9voir: crayon de bois HB, gomme, calculatrice non programmable, classeur ou porte-vues<\/li><\/ul>\t\t\t\t\t\t\t\t<\/div>\n\t\t\t\t<\/div>\n\t\t\t\t<\/div>\n\t\t<div class=\"elementor-element elementor-element-3917e60 e-con-full e-flex wpr-particle-no wpr-jarallax-no wpr-parallax-no wpr-sticky-section-no e-con e-child\" data-id=\"3917e60\" data-element_type=\"container\">\n\t\t<div class=\"elementor-element elementor-element-ebca82a e-con-full e-flex wpr-particle-no wpr-jarallax-no wpr-parallax-no wpr-sticky-section-no e-con e-child\" data-id=\"ebca82a\" data-element_type=\"container\">\n\t\t\t\t<div class=\"elementor-element elementor-element-b36416e elementor-widget elementor-widget-text-editor\" data-id=\"b36416e\" data-element_type=\"widget\" data-widget_type=\"text-editor.default\">\n\t\t\t\t\t\t\t\t\t<h3><strong>Permis option \u00ab eaux int\u00e9rieures \u00bb\u00a0<\/strong><span style=\"font-family: inherit; font-size: 1.25rem; text-align: var(--text-align);\">pour les titulaires d&rsquo;un permis \u00ab\u00a0option c\u00f4ti\u00e8re\u00a0\u00bb:<\/span><\/h3>\t\t\t\t\t\t\t\t<\/div>\n\t\t\t\t<div class=\"elementor-element elementor-element-b349027 elementor-widget elementor-widget-heading\" data-id=\"b349027\" data-element_type=\"widget\" data-widget_type=\"heading.default\">\n\t\t\t\t\t<div class=\"elementor-heading-title elementor-size-default\">80,-\u20ac Forfait incluant:\n<i><u>(55,-\u20ac pour les candidats ayant valid\u00e9 leur permis c\u00f4tier dans notre centre de formation depuis moins de &nbsp;12 mois)<\/u><\/i><\/div>\t\t\t\t<\/div>\n\t\t\t\t<div class=\"elementor-element elementor-element-58fc06d elementor-widget elementor-widget-text-editor\" data-id=\"58fc06d\" data-element_type=\"widget\" data-widget_type=\"text-editor.default\">\n\t\t\t\t\t\t\t\t\t<p><strong>NOUVELLE FORMULE: COURS EN LIGNE<\/strong><\/p><ul><li>Formation th\u00e9orique compl\u00e8te <b>EN LIGNE<\/b>: cours + tests<\/li><\/ul><ul><li>Kit p\u00e9dagogique (livre de code, aide-m\u00e9moire)<\/li><\/ul><ul><li>Formalit\u00e9s administratives d&rsquo;inscription aupr\u00e8s des Affaires Maritimes (illimit\u00e9 jusqu&rsquo;\u00e0 votre r\u00e9ussite).<\/li><\/ul><p>\u00a0<\/p><p><u>N&rsquo;est pas inclus :<\/u><\/p><ul><li style=\"list-style-type: none;\"><ul><li>paiement 30\u20ac pour la pr\u00e9sentation \u00e0 l&rsquo;examen<\/li><\/ul><\/li><\/ul>\t\t\t\t\t\t\t\t<\/div>\n\t\t\t\t<\/div>\n\t\t\t\t<\/div>\n\t\t<div class=\"elementor-element elementor-element-c46540c e-con-full e-flex wpr-particle-no wpr-jarallax-no wpr-parallax-no wpr-sticky-section-no e-con e-child\" data-id=\"c46540c\" data-element_type=\"container\">\n\t\t<div class=\"elementor-element elementor-element-0d129dd e-con-full e-flex wpr-particle-no wpr-jarallax-no wpr-parallax-no wpr-sticky-section-no e-con e-child\" data-id=\"0d129dd\" data-element_type=\"container\">\n\t\t\t\t<div class=\"elementor-element elementor-element-e7d5904 elementor-widget elementor-widget-text-editor\" data-id=\"e7d5904\" data-element_type=\"widget\" data-widget_type=\"text-editor.default\">\n\t\t\t\t\t\t\t\t\t<h3><strong>Permis option VHF CCR <\/strong><span style=\"font-family: inherit; font-size: 1.25rem; text-align: var(--text-align);\">:<\/span><\/h3>\t\t\t\t\t\t\t\t<\/div>\n\t\t\t\t<div class=\"elementor-element elementor-element-6dc0137 elementor-widget elementor-widget-heading\" data-id=\"6dc0137\" data-element_type=\"widget\" data-widget_type=\"heading.default\">\n\t\t\t\t\t<div class=\"elementor-heading-title elementor-size-default\">45,-\u20ac Forfait incluant:\n<\/div>\t\t\t\t<\/div>\n\t\t\t\t<div class=\"elementor-element elementor-element-6983e0b elementor-widget elementor-widget-text-editor\" data-id=\"6983e0b\" data-element_type=\"widget\" data-widget_type=\"text-editor.default\">\n\t\t\t\t\t\t\t\t\t<p><strong>FORMULE: COURS EN LIGNE<\/strong><\/p><ul><li>Formation th\u00e9orique compl\u00e8te <b>EN LIGNE<\/b>: cours + tests<\/li><\/ul><p>\u00a0<\/p><p><u>N&rsquo;est pas inclus :<\/u><\/p><ul><li style=\"list-style-type: none;\"><ul><li>inscription \u00e0 l&rsquo;examen, doit \u00eatre g\u00e9r\u00e9e et pay\u00e9e par le candidat directement<\/li><\/ul><\/li><\/ul>\t\t\t\t\t\t\t\t<\/div>\n\t\t\t\t<\/div>\n\t\t\t\t<\/div>\n\t\t<div class=\"elementor-element elementor-element-d355665 e-con-full e-flex wpr-particle-no wpr-jarallax-no wpr-parallax-no wpr-sticky-section-no e-con e-child\" data-id=\"d355665\" data-element_type=\"container\">\n\t\t\t\t<\/div>\n\t\t\t\t<\/div>\n\t\t\t\t\t<\/div>\n\t\t\t\t<\/div>\n\t\t<div class=\"elementor-element elementor-element-fcbba6e e-flex e-con-boxed wpr-particle-no wpr-jarallax-no wpr-parallax-no wpr-sticky-section-no e-con e-parent\" data-id=\"fcbba6e\" data-element_type=\"container\">\n\t\t\t\t\t<div class=\"e-con-inner\">\n\t\t\t\t<div class=\"elementor-element elementor-element-5d92c08 elementor-widget elementor-widget-html\" data-id=\"5d92c08\" data-element_type=\"widget\" data-widget_type=\"html.default\">\n\t\t\t\t\t\t\t\t<iframe\n\t\t\t\tid=\"idIframe\"\n\t\t\t\tsrc=\"https:\/\/www.helloasso.com\/associations\/yacht-club-du-calaisis\/boutiques\/calais-permis-bateau\/widget\"\n\t\t\t\theight=750px\"\t\t\t\twidth=100%\"\t\t\t\tframeborder=\"0\"\n\t\t\t\tloading=\"lazy\"\n\t\t\t\tallowtransparency=\"true\"\n\t\t\t\tonload=\"resizeIframeMessage()\"><\/iframe>\n\t\t\t\t<\/div>\n\t\t\t\t\t<\/div>\n\t\t\t\t<\/div>\n\t\t\t\t<\/div>\n\t\t","protected":false},"excerpt":{"rendered":"<p>Tarifs 2026 Depuis 2013, nos tarifs sont maintenus (ou en baisse!), profitez-en!Tarifs au 1er janvier 2026 Moins cher ailleurs? M\u00e9fiez-vous des \u00ab\u00a0super\u00a0promos d&rsquo;internet\u00a0\u00bb! Notre tarif de formation est sans mauvaise surprise: pas de frais de dossier cach\u00e9s pas de documents p\u00e9dagogiques \u00e0 acheter en suppl\u00e9ment, tout est fourni pas de \u00ab\u00a0petits\u00a0caract\u00e8res\u00a0\u00bb dans le contrat de formation acc\u00e8s aux tests en ligne compris grande souplesse pour programmer vos cours de conduite bateau formation pratique (conduite bateau) sans suppl\u00e9ment\u00a0au-del\u00e0 des 3h30 r\u00e9glementaires une \u00e9quipe de formateurs disponible pour r\u00e9pondre \u00e0 vos questions tout au long de votre formation Permis option\u00ab c\u00f4ti\u00e8re \u00bb : 300,-\u20ac Forfait incluant: Tarif de groupe (3 personnes minimum, inscription simultan\u00e9e): 270,-\u20ac par personne Forfait incluant: Formation th\u00e9orique (minimum 5 heures): cours + tests,\u00a0toujours en pr\u00e9sence d&rsquo;un formateur Formation pratique (minimum 3h30): cours\u00a0sur rendez-vous, sans contrainte de mar\u00e9e Kit p\u00e9dagogique (mallette, livre de code, aide-m\u00e9moire, bloc notes, crayon) Acc\u00e8s easyweb pour vous tester et r\u00e9viser \u00e0 la maison (acc\u00e8s internet n\u00e9cessaire) Formalit\u00e9s administratives d&rsquo;inscription aupr\u00e8s des Affaires Maritimes (illimit\u00e9 jusqu&rsquo;\u00e0 votre r\u00e9ussite). Acc\u00e8s aux sessions de formation pendant 6 mois Ne sont pas inclus : paiement de 30\u20ac pour la pr\u00e9sentation \u00e0 l&rsquo;examen timbre fiscal \u00e0 78\u20ac pour la d\u00e9livrance du permis Option: activation d&rsquo;une session easyweb suppl\u00e9mentaire en cas d&rsquo;\u00e9chec \u00e0 l&rsquo;examen th\u00e9orique: 20,-\u20ac (non obligatoire) Tarifs r\u00e9duits: Tarif de groupe (3 personnes minimum, inscription simultan\u00e9e): 270,-\u20ac par personne Licenci\u00e9s \u00e0 la F\u00e9d\u00e9ration Fran\u00e7aise de Voile (licence club en cours de validit\u00e9): 270,-\u20ac Jeune de moins de 25 ans: 270,-\u20ac Adh\u00e9rents du Yacht Club du Calaisis pour l&rsquo;ann\u00e9e en cours: 250,-\u20ac Permis extension \u00ab hauturi\u00e8re \u00bb\u00a0pour les titulaires d&rsquo;un permis \u00ab\u00a0option c\u00f4ti\u00e8re\u00a0\u00bb: 390,-\u20ac Forfait incluant: Formation th\u00e9orique (2 cours par semaine pendant 5 semaines): cours + tests,\u00a0toujours en pr\u00e9sence d&rsquo;un formateur Fournitures p\u00e9dagogiques (cours, carte d&rsquo;examen SHOM 9999 pli\u00e9e*) Mat\u00e9riel pr\u00eat\u00e9: compas droit, r\u00e8gle de navigation (caution: 40\u20ac) Formalit\u00e9s administratives d&rsquo;inscription aupr\u00e8s des Affaires Maritimes Acc\u00e8s aux sessions de formation pendant 1 an * la carte marine n&rsquo;est pas restitu\u00e9e par les Affaires Maritimes \u00e0 l&rsquo;issue de l&rsquo;examen Ne sont pas inclus : Timbre fiscal \u00e0 38\u20ac pour la pr\u00e9sentation \u00e0 l&rsquo;examen mat\u00e9riel \u00e0 pr\u00e9voir: crayon de bois HB, gomme, calculatrice non programmable, classeur ou porte-vues Permis option \u00ab eaux int\u00e9rieures \u00bb\u00a0pour les titulaires d&rsquo;un permis \u00ab\u00a0option c\u00f4ti\u00e8re\u00a0\u00bb: 80,-\u20ac Forfait incluant: (55,-\u20ac pour les candidats ayant valid\u00e9 leur permis c\u00f4tier dans notre centre de formation depuis moins de &nbsp;12 mois) NOUVELLE FORMULE: COURS EN LIGNE Formation th\u00e9orique compl\u00e8te EN LIGNE: cours + tests Kit p\u00e9dagogique (livre de code, aide-m\u00e9moire) Formalit\u00e9s administratives d&rsquo;inscription aupr\u00e8s des Affaires Maritimes (illimit\u00e9 jusqu&rsquo;\u00e0 votre r\u00e9ussite). \u00a0 N&rsquo;est pas inclus : paiement 30\u20ac pour la pr\u00e9sentation \u00e0 l&rsquo;examen Permis option VHF CCR : 45,-\u20ac Forfait incluant: FORMULE: COURS EN LIGNE Formation th\u00e9orique compl\u00e8te EN LIGNE: cours + tests \u00a0 N&rsquo;est pas inclus : inscription \u00e0 l&rsquo;examen, doit \u00eatre g\u00e9r\u00e9e et pay\u00e9e par le candidat directement<\/p>\n","protected":false},"author":1,"featured_media":0,"parent":0,"menu_order":0,"comment_status":"closed","ping_status":"closed","template":"elementor_header_footer","meta":{"footnotes":""},"class_list":["post-42","page","type-page","status-publish","hentry"],"_links":{"self":[{"href":"http:\/\/calaism.cluster021.hosting.ovh.net\/index.php\/wp-json\/wp\/v2\/pages\/42","targetHints":{"allow":["GET"]}}],"collection":[{"href":"http:\/\/calaism.cluster021.hosting.ovh.net\/index.php\/wp-json\/wp\/v2\/pages"}],"about":[{"href":"http:\/\/calaism.cluster021.hosting.ovh.net\/index.php\/wp-json\/wp\/v2\/types\/page"}],"author":[{"embeddable":true,"href":"http:\/\/calaism.cluster021.hosting.ovh.net\/index.php\/wp-json\/wp\/v2\/users\/1"}],"replies":[{"embeddable":true,"href":"http:\/\/calaism.cluster021.hosting.ovh.net\/index.php\/wp-json\/wp\/v2\/comments?post=42"}],"version-history":[{"count":46,"href":"http:\/\/calaism.cluster021.hosting.ovh.net\/index.php\/wp-json\/wp\/v2\/pages\/42\/revisions"}],"predecessor-version":[{"id":447,"href":"http:\/\/calaism.cluster021.hosting.ovh.net\/index.php\/wp-json\/wp\/v2\/pages\/42\/revisions\/447"}],"wp:attachment":[{"href":"http:\/\/calaism.cluster021.hosting.ovh.net\/index.php\/wp-json\/wp\/v2\/media?parent=42"}],"curies":[{"name":"wp","href":"https:\/\/api.w.org\/{rel}","templated":true}]}}