{"id":46,"date":"2025-10-14T13:09:16","date_gmt":"2025-10-14T13:09:16","guid":{"rendered":"http:\/\/calaism.cluster021.hosting.ovh.net\/?page_id=46"},"modified":"2026-01-05T16:21:29","modified_gmt":"2026-01-05T16:21:29","slug":"dossier-telechargement","status":"publish","type":"page","link":"http:\/\/calaism.cluster021.hosting.ovh.net\/index.php\/dossier-telechargement\/","title":{"rendered":"Dossier \/ T\u00e9l\u00e9chargement"},"content":{"rendered":"\t\t<div data-elementor-type=\"wp-page\" data-elementor-id=\"46\" class=\"elementor elementor-46\">\n\t\t\t\t<div class=\"elementor-element elementor-element-c9c4ede e-flex e-con-boxed wpr-particle-no wpr-jarallax-no wpr-parallax-no wpr-sticky-section-no e-con e-parent\" data-id=\"c9c4ede\" data-element_type=\"container\" data-settings=\"{&quot;background_background&quot;:&quot;classic&quot;}\">\n\t\t\t\t\t<div class=\"e-con-inner\">\n\t\t<div class=\"elementor-element elementor-element-7463a65 e-con-full e-flex wpr-particle-no wpr-jarallax-no wpr-parallax-no wpr-sticky-section-no e-con e-child\" data-id=\"7463a65\" data-element_type=\"container\">\n\t\t\t\t<div class=\"elementor-element elementor-element-b4d1c8a elementor-widget__width-inherit elementor-widget elementor-widget-heading\" data-id=\"b4d1c8a\" data-element_type=\"widget\" data-widget_type=\"heading.default\">\n\t\t\t\t\t<h1 class=\"elementor-heading-title elementor-size-default\">Documents \/ T\u00e9l\u00e9chargement<\/h1>\t\t\t\t<\/div>\n\t\t\t\t<div class=\"elementor-element elementor-element-8ea36d6 elementor-widget__width-inherit elementor-widget elementor-widget-text-editor\" data-id=\"8ea36d6\" data-element_type=\"widget\" data-widget_type=\"text-editor.default\">\n\t\t\t\t\t\t\t\t\t<p>Retrouvez tous les documents n\u00e9cessaires \u00e0 votre inscription !<\/p>\t\t\t\t\t\t\t\t<\/div>\n\t\t\t\t<\/div>\n\t\t\t\t\t<\/div>\n\t\t\t\t<\/div>\n\t\t<div class=\"elementor-element elementor-element-fce3018 e-flex e-con-boxed wpr-particle-no wpr-jarallax-no wpr-parallax-no wpr-sticky-section-no e-con e-parent\" data-id=\"fce3018\" data-element_type=\"container\">\n\t\t\t\t\t<div class=\"e-con-inner\">\n\t\t<div class=\"elementor-element elementor-element-c567bd0 e-con-full e-flex wpr-particle-no wpr-jarallax-no wpr-parallax-no wpr-sticky-section-no e-con e-child\" data-id=\"c567bd0\" data-element_type=\"container\" data-settings=\"{&quot;background_background&quot;:&quot;classic&quot;}\">\n\t\t\t\t<div class=\"elementor-element elementor-element-4777926 elementor-widget__width-initial elementor-widget elementor-widget-heading\" data-id=\"4777926\" data-element_type=\"widget\" data-widget_type=\"heading.default\">\n\t\t\t\t\t<h3 class=\"elementor-heading-title elementor-size-default\"><div style=\"font-weight: 400;letter-spacing: normal;white-space: normal;text-align: justify\">Afin de valider votre inscription \u00e0 l'examen aupr\u00e8s des Affaires Maritimes, nous devons \u00eatre en possession de votre&nbsp;<b>dossier complet&nbsp;<u>le plus rapidement possible<\/u>:<\/b><br><span style=\"font-weight: 600;letter-spacing: -1.12px;white-space: pre-wrap;text-align: center\"><br><\/span><\/div><div style=\"font-weight: 400;letter-spacing: normal;white-space: normal;text-align: justify\"><span style=\"font-weight: 600;letter-spacing: -1.12px;white-space: pre-wrap;text-align: center\"><\/span><\/div><\/h3>\t\t\t\t<\/div>\n\t\t\t\t<div class=\"elementor-element elementor-element-47dff94 elementor-icon-list--layout-inline elementor-align-center elementor-list-item-link-full_width elementor-widget elementor-widget-icon-list\" data-id=\"47dff94\" data-element_type=\"widget\" data-widget_type=\"icon-list.default\">\n\t\t\t\t\t\t\t<ul class=\"elementor-icon-list-items elementor-inline-items\">\n\t\t\t\t\t\t\t<li class=\"elementor-icon-list-item elementor-inline-item\">\n\t\t\t\t\t\t\t\t\t\t<span class=\"elementor-icon-list-text\"><\/span>\n\t\t\t\t\t\t\t\t\t<\/li>\n\t\t\t\t\t\t<\/ul>\n\t\t\t\t\t\t<\/div>\n\t\t\t\t<div class=\"elementor-element elementor-element-97c3d7c elementor-widget elementor-widget-text-editor\" data-id=\"97c3d7c\" data-element_type=\"widget\" data-widget_type=\"text-editor.default\">\n\t\t\t\t\t\t\t\t\t<ul><li><a href=\"https:\/\/www.formulaires.service-public.gouv.fr\/gf\/cerfa_14673.do\" target=\"_blank\" rel=\"noopener\">Certificat d&rsquo;aptitude physique<\/a> datant de moins de 6 mois<\/li><li>Formulaire de demande d&rsquo;inscription \u00e0 <a href=\"https:\/\/www.formulaires.service-public.gouv.fr\/gf\/cerfa_14681.do\" target=\"_blank\" rel=\"noopener\">l&rsquo;Option c\u00f4ti\u00e8re ou Eaux int\u00e9rieures<\/a><\/li><li>Formulaire de demande d&rsquo;inscription \u00e0 l&rsquo;<a href=\"https:\/\/www.formulaires.service-public.gouv.fr\/gf\/cerfa_14680.do\">Extension hauturi\u00e8re<\/a><\/li><li>2 photographies d&rsquo;identit\u00e9 r\u00e9centes en couleur et de bonne qualit\u00e9, r\u00e9pondant aux <a href=\"https:\/\/passeport.ants.gouv.fr\/tout-savoir\/la-photographie-d-identite#:~:text=retrait%20du%20titre.-,Quelles%20sont%20les%20caract\u00e9ristiques%20\u00e0%20respecter%20pour%20une%20photographie%20d,%2C%20sans%20pliure%2C%20ni%20trace.\" target=\"_blank\" rel=\"noopener\">normes des documents d&rsquo;identit\u00e9<\/a><\/li><li>Timbres fiscaux ou frais d&rsquo;inscription \u00e0 l&rsquo;examen, selon l&rsquo;examen pr\u00e9sent\u00e9 <a href=\"https:\/\/timbres.impots.gouv.fr\" target=\"_blank\" rel=\"noopener\">(Timbres fiscaux obligatoirement \u00e9lectroniques, que vous devez acheter en ligne)<\/a><\/li><li>Contrat de formation (disponible au secr\u00e9tariat du Yacht Club du Calaisis)<\/li><li>R\u00e8glement int\u00e9gral<\/li><li>Original du permis d\u00e9j\u00e0 obtenu dans le cas de l&rsquo;examen Eaux int\u00e9rieures ou Extension hauturi\u00e8re<\/li><li>Copie d&rsquo;une pi\u00e8ce d&rsquo;identit\u00e9 en cours de validit\u00e9<\/li><\/ul>\t\t\t\t\t\t\t\t<\/div>\n\t\t\t\t<\/div>\n\t\t\t\t\t<\/div>\n\t\t\t\t<\/div>\n\t\t\t\t<\/div>\n\t\t","protected":false},"excerpt":{"rendered":"<p>Documents \/ T\u00e9l\u00e9chargement Retrouvez tous les documents n\u00e9cessaires \u00e0 votre inscription ! Afin de valider votre inscription \u00e0 l&rsquo;examen aupr\u00e8s des Affaires Maritimes, nous devons \u00eatre en possession de votre&nbsp;dossier complet&nbsp;le plus rapidement possible: Certificat d&rsquo;aptitude physique datant de moins de 6 mois Formulaire de demande d&rsquo;inscription \u00e0 l&rsquo;Option c\u00f4ti\u00e8re ou Eaux int\u00e9rieures Formulaire de demande d&rsquo;inscription \u00e0 l&rsquo;Extension hauturi\u00e8re 2 photographies d&rsquo;identit\u00e9 r\u00e9centes en couleur et de bonne qualit\u00e9, r\u00e9pondant aux normes des documents d&rsquo;identit\u00e9 Timbres fiscaux ou frais d&rsquo;inscription \u00e0 l&rsquo;examen, selon l&rsquo;examen pr\u00e9sent\u00e9 (Timbres fiscaux obligatoirement \u00e9lectroniques, que vous devez acheter en ligne) Contrat de formation (disponible au secr\u00e9tariat du Yacht Club du Calaisis) R\u00e8glement int\u00e9gral Original du permis d\u00e9j\u00e0 obtenu dans le cas de l&rsquo;examen Eaux int\u00e9rieures ou Extension hauturi\u00e8re Copie d&rsquo;une pi\u00e8ce d&rsquo;identit\u00e9 en cours de validit\u00e9<\/p>\n","protected":false},"author":1,"featured_media":0,"parent":0,"menu_order":0,"comment_status":"closed","ping_status":"closed","template":"elementor_header_footer","meta":{"footnotes":""},"class_list":["post-46","page","type-page","status-publish","hentry"],"_links":{"self":[{"href":"http:\/\/calaism.cluster021.hosting.ovh.net\/index.php\/wp-json\/wp\/v2\/pages\/46","targetHints":{"allow":["GET"]}}],"collection":[{"href":"http:\/\/calaism.cluster021.hosting.ovh.net\/index.php\/wp-json\/wp\/v2\/pages"}],"about":[{"href":"http:\/\/calaism.cluster021.hosting.ovh.net\/index.php\/wp-json\/wp\/v2\/types\/page"}],"author":[{"embeddable":true,"href":"http:\/\/calaism.cluster021.hosting.ovh.net\/index.php\/wp-json\/wp\/v2\/users\/1"}],"replies":[{"embeddable":true,"href":"http:\/\/calaism.cluster021.hosting.ovh.net\/index.php\/wp-json\/wp\/v2\/comments?post=46"}],"version-history":[{"count":22,"href":"http:\/\/calaism.cluster021.hosting.ovh.net\/index.php\/wp-json\/wp\/v2\/pages\/46\/revisions"}],"predecessor-version":[{"id":417,"href":"http:\/\/calaism.cluster021.hosting.ovh.net\/index.php\/wp-json\/wp\/v2\/pages\/46\/revisions\/417"}],"wp:attachment":[{"href":"http:\/\/calaism.cluster021.hosting.ovh.net\/index.php\/wp-json\/wp\/v2\/media?parent=46"}],"curies":[{"name":"wp","href":"https:\/\/api.w.org\/{rel}","templated":true}]}}