{"id":48,"date":"2025-10-14T13:09:27","date_gmt":"2025-10-14T13:09:27","guid":{"rendered":"http:\/\/calaism.cluster021.hosting.ovh.net\/?page_id=48"},"modified":"2025-10-31T09:56:12","modified_gmt":"2025-10-31T09:56:12","slug":"contact-plan-dacces","status":"publish","type":"page","link":"http:\/\/calaism.cluster021.hosting.ovh.net\/index.php\/contact-plan-dacces\/","title":{"rendered":"Contact &amp; Plan d&rsquo;acc\u00e8s"},"content":{"rendered":"\t\t<div data-elementor-type=\"wp-page\" data-elementor-id=\"48\" class=\"elementor elementor-48\">\n\t\t\t\t<div class=\"elementor-element elementor-element-fadb75f e-flex e-con-boxed wpr-particle-no wpr-jarallax-no wpr-parallax-no wpr-sticky-section-no e-con e-parent\" data-id=\"fadb75f\" data-element_type=\"container\">\n\t\t\t\t\t<div class=\"e-con-inner\">\n\t\t\t\t<div class=\"elementor-element elementor-element-006faed elementor-widget elementor-widget-text-editor\" data-id=\"006faed\" data-element_type=\"widget\" data-widget_type=\"text-editor.default\">\n\t\t\t\t\t\t\t\t\t<h1><strong>Contact &amp; Plan d&rsquo;acc\u00e8s<\/strong><\/h1>\t\t\t\t\t\t\t\t<\/div>\n\t\t<div class=\"elementor-element elementor-element-b7079fa e-con-full e-flex wpr-particle-no wpr-jarallax-no wpr-parallax-no wpr-sticky-section-no e-con e-child\" data-id=\"b7079fa\" data-element_type=\"container\">\n\t\t\t\t<div class=\"elementor-element elementor-element-8a974a9 wpr-step-type-number_text wpr-step-content-layout-vertical wpr-custom-styles-yes elementor-widget elementor-widget-wpr-form-builder\" data-id=\"8a974a9\" data-element_type=\"widget\" data-settings=\"{&quot;success_message&quot;:&quot;Message envoy\\u00e9 !&quot;,&quot;error_message&quot;:&quot;Erreur dans l&#039;envoi du message...&quot;,&quot;button_width&quot;:{&quot;unit&quot;:&quot;%&quot;,&quot;size&quot;:100,&quot;sizes&quot;:[]},&quot;button_width_tablet&quot;:{&quot;unit&quot;:&quot;px&quot;,&quot;size&quot;:&quot;&quot;,&quot;sizes&quot;:[]},&quot;button_width_mobile&quot;:{&quot;unit&quot;:&quot;px&quot;,&quot;size&quot;:&quot;&quot;,&quot;sizes&quot;:[]},&quot;step_type&quot;:&quot;number_text&quot;,&quot;step_content_layout&quot;:&quot;vertical&quot;}\" data-widget_type=\"wpr-form-builder.default\">\n\t\t\t\t\t\t\t<form class=\"wpr-form\" method=\"post\" name=\"New Form\" page=\"Contact &amp; Plan d&#039;acc\u00e8s\" page_id=\"48\" novalidate>\n\t\t\t<input type=\"hidden\" name=\"post_id\" value=\"48\"\/>\n\t\t\t<input type=\"hidden\" name=\"form_id\" value=\"8a974a9\"\/>\n\t\t\t<input type=\"hidden\" name=\"referer_title\" value=\"\" \/>\n\n\t\t\t<div class=\"wpr-step-wrap\"><\/div>\n\t\t\t<div class=\"wpr-form-fields-wrap wpr-labels-\">\n\t\t\t\t\t\t\t\t\t<div class=\"wpr-form-field-type-text wpr-field-group wpr-column wpr-field-group-name elementor-repeater-item-19dcc31\">\n\t\t\t\t\t\t<input size=\"1 \"type=\"text\" name=\"form_fields[name]\" id=\"form-field-name\" class=\"wpr-form-field  wpr-form-field-textual\" placeholder=\"Nom Pr\u00e9nom\">\t\t\t\t\t<\/div>\n\t\t\t\t\t\t\t\t\t<div class=\"wpr-form-field-type-email wpr-field-group wpr-column wpr-field-group-email elementor-repeater-item-3d06fcf wpr-form-field-required\">\n\t\t\t\t\t\t<input size=\"1 \"type=\"email\" name=\"form_fields[email]\" id=\"form-field-email\" class=\"wpr-form-field  wpr-form-field-textual\" placeholder=\"Email\" required=\"required\" aria-required=\"true\">\t\t\t\t\t<\/div>\n\t\t\t\t\t\t\t\t\t<div class=\"wpr-form-field-type-textarea wpr-field-group wpr-column wpr-field-group-message elementor-repeater-item-74056fb\">\n\t\t\t\t\t\t<textarea class=\"wpr-form-field-textual wpr-form-field \" name=\"form_fields[message]\" id=\"form-field-message\" rows=\"7\" placeholder=\"Message\"><\/textarea>\t\t\t\t\t<\/div>\n\t\t\t\t<div class=\"wpr-field-group wpr-stp-btns-wrap wpr-column wpr-form-field-type-submit\" data-actions=\"[&quot;email&quot;]\" data-redirect-url=\"\" data-mailchimp-fields=\"{&quot;email_field&quot;:&quot;&quot;,&quot;first_name_field&quot;:&quot;&quot;,&quot;last_name_field&quot;:&quot;&quot;,&quot;address_field&quot;:&quot;&quot;,&quot;phone_field&quot;:&quot;&quot;,&quot;birthday_field&quot;:&quot;&quot;,&quot;group_id&quot;:&quot;&quot;}\" data-list-id=\"\">\t\t\t<button type=\"submit\" class=\"wpr-button\">\n\t\t\t\t<span >\n\t\t\t\t\t\t\t\t\t\t\t\t\t\t\t\t<span>Envoyer<\/span>\n\t\t\t\t\t\t\t\t\t\t\t\t\t\t<\/span>\t\n\t\t\t\t<div class=\"wpr-double-bounce wpr-loader-hidden\">\n\t\t\t\t\t<div class=\"wpr-child wpr-double-bounce1\"><\/div>\n\t\t\t\t\t<div class=\"wpr-child wpr-double-bounce2\"><\/div>\n\t\t\t\t<\/div>\n\t\t\t<\/button>\n\t\t<\/div>\t\t\t\t\n\t\t\t<\/div>\n\t\t<\/form>\n\t  \t\t\t\t<\/div>\n\t\t\t\t<\/div>\n\t\t\t\t<div class=\"elementor-element elementor-element-f5c1775 elementor-widget elementor-widget-text-editor\" data-id=\"f5c1775\" data-element_type=\"widget\" data-widget_type=\"text-editor.default\">\n\t\t\t\t\t\t\t\t\t<p>Cliquez simplement sur \u00ab\u00a0itin\u00e9raire\u00a0\u00bb et entrez votre adresse pour obtenir votre itin\u00e9raire d\u00e9taill\u00e9.\u00a0<\/p>\t\t\t\t\t\t\t\t<\/div>\n\t\t\t\t<div class=\"elementor-element elementor-element-6e31209 elementor-widget elementor-widget-google_maps\" data-id=\"6e31209\" data-element_type=\"widget\" data-widget_type=\"google_maps.default\">\n\t\t\t\t\t\t\t<div class=\"elementor-custom-embed\">\n\t\t\t<iframe loading=\"lazy\"\n\t\t\t\t\tsrc=\"https:\/\/maps.google.com\/maps?q=Yacht%20cub%20du%20calaisis&#038;t=m&#038;z=14&#038;output=embed&#038;iwloc=near\"\n\t\t\t\t\ttitle=\"Yacht cub du calaisis\"\n\t\t\t\t\taria-label=\"Yacht cub du calaisis\"\n\t\t\t><\/iframe>\n\t\t<\/div>\n\t\t\t\t\t\t<\/div>\n\t\t\t\t<div class=\"elementor-element elementor-element-c9d6ea2 elementor-widget elementor-widget-text-editor\" data-id=\"c9d6ea2\" data-element_type=\"widget\" data-widget_type=\"text-editor.default\">\n\t\t\t\t\t\t\t\t\t<p>Les formations sont assur\u00e9es par le <b>Yacht Club du Calaisis<\/b>.<br \/>Elles se d\u00e9roulent \u00e0 la <b>Base de voile Tom Souville<\/b><br \/>415 route d\u00e9partementale 940<br \/>62231 Sangatte<\/p><p>\u00a0<\/p><p>T\u00e9l: 03.21.82.28.05 \/ 06.20.06.11.01<br \/><a href=\"https:\/\/web.archive.org\/web\/20250523204925\/mailto:permis@calais-voile.fr\">permis@calais-voile.fr<\/a><br \/><a href=\"https:\/\/web.archive.org\/web\/20250523204925\/http:\/\/www.calaispermisbateau.com\/\">http:\/\/www.calaispermisbateau.com<\/a><br \/><a href=\"https:\/\/web.archive.org\/web\/20250523204925\/http:\/\/www.calais-voile.fr\/\">http:\/\/www.calais-voile.fr<\/a><br \/><br \/>Pour joindre le secr\u00e9tariat, appelez de pr\u00e9f\u00e9rence: lundi, mardi, jeudi, vendredi et samedi de 13h30 \u00e0 18h.<br \/>Pendant les vacances scolaires: tous les jours de 9h \u00e0 18h30.<br \/><br \/>Le Yacht Club du Calaisis est une association Loi de 1901.<br \/>Centre de formation agr\u00e9\u00e9 permis bateau n\u00b0062026.<\/p><p>\u00a0<\/p><p>\u00a0<\/p>\t\t\t\t\t\t\t\t<\/div>\n\t\t\t\t\t<\/div>\n\t\t\t\t<\/div>\n\t\t\t\t<\/div>\n\t\t","protected":false},"excerpt":{"rendered":"<p>Contact &amp; Plan d&rsquo;acc\u00e8s Envoyer Cliquez simplement sur \u00ab\u00a0itin\u00e9raire\u00a0\u00bb et entrez votre adresse pour obtenir votre itin\u00e9raire d\u00e9taill\u00e9.\u00a0 Les formations sont assur\u00e9es par le Yacht Club du Calaisis.Elles se d\u00e9roulent \u00e0 la Base de voile Tom Souville415 route d\u00e9partementale 94062231 Sangatte \u00a0 T\u00e9l: 03.21.82.28.05 \/ 06.20.06.11.01permis@calais-voile.frhttp:\/\/www.calaispermisbateau.comhttp:\/\/www.calais-voile.fr Pour joindre le secr\u00e9tariat, appelez de pr\u00e9f\u00e9rence: lundi, mardi, jeudi, vendredi et samedi de 13h30 \u00e0 18h.Pendant les vacances scolaires: tous les jours de 9h \u00e0 18h30. Le Yacht Club du Calaisis est une association Loi de 1901.Centre de formation agr\u00e9\u00e9 permis bateau n\u00b0062026. \u00a0 \u00a0<\/p>\n","protected":false},"author":1,"featured_media":0,"parent":0,"menu_order":0,"comment_status":"closed","ping_status":"closed","template":"elementor_header_footer","meta":{"footnotes":""},"class_list":["post-48","page","type-page","status-publish","hentry"],"_links":{"self":[{"href":"http:\/\/calaism.cluster021.hosting.ovh.net\/index.php\/wp-json\/wp\/v2\/pages\/48","targetHints":{"allow":["GET"]}}],"collection":[{"href":"http:\/\/calaism.cluster021.hosting.ovh.net\/index.php\/wp-json\/wp\/v2\/pages"}],"about":[{"href":"http:\/\/calaism.cluster021.hosting.ovh.net\/index.php\/wp-json\/wp\/v2\/types\/page"}],"author":[{"embeddable":true,"href":"http:\/\/calaism.cluster021.hosting.ovh.net\/index.php\/wp-json\/wp\/v2\/users\/1"}],"replies":[{"embeddable":true,"href":"http:\/\/calaism.cluster021.hosting.ovh.net\/index.php\/wp-json\/wp\/v2\/comments?post=48"}],"version-history":[{"count":31,"href":"http:\/\/calaism.cluster021.hosting.ovh.net\/index.php\/wp-json\/wp\/v2\/pages\/48\/revisions"}],"predecessor-version":[{"id":338,"href":"http:\/\/calaism.cluster021.hosting.ovh.net\/index.php\/wp-json\/wp\/v2\/pages\/48\/revisions\/338"}],"wp:attachment":[{"href":"http:\/\/calaism.cluster021.hosting.ovh.net\/index.php\/wp-json\/wp\/v2\/media?parent=48"}],"curies":[{"name":"wp","href":"https:\/\/api.w.org\/{rel}","templated":true}]}}