{"id":88,"date":"2025-10-14T13:24:11","date_gmt":"2025-10-14T13:24:11","guid":{"rendered":"http:\/\/calaism.cluster021.hosting.ovh.net\/?page_id=88"},"modified":"2025-10-15T13:32:19","modified_gmt":"2025-10-15T13:32:19","slug":"permis-mer-option-cotiere","status":"publish","type":"page","link":"http:\/\/calaism.cluster021.hosting.ovh.net\/index.php\/permis-mer-option-cotiere\/","title":{"rendered":"Permis mer &#8211; option \u00ab\u00a0c\u00f4ti\u00e8re\u00a0\u00bb"},"content":{"rendered":"\t\t<div data-elementor-type=\"wp-page\" data-elementor-id=\"88\" class=\"elementor elementor-88\">\n\t\t\t\t<div class=\"elementor-element elementor-element-f07b593 e-flex e-con-boxed wpr-particle-no wpr-jarallax-no wpr-parallax-no wpr-sticky-section-no e-con e-child\" data-id=\"f07b593\" data-element_type=\"container\">\n\t\t\t\t\t<div class=\"e-con-inner\">\n\t\t<div class=\"elementor-element elementor-element-8e90f0e e-con-full e-flex wpr-particle-no wpr-jarallax-no wpr-parallax-no wpr-sticky-section-no e-con e-child\" data-id=\"8e90f0e\" data-element_type=\"container\" data-settings=\"{&quot;background_background&quot;:&quot;slideshow&quot;,&quot;background_slideshow_gallery&quot;:[{&quot;id&quot;:104,&quot;url&quot;:&quot;http:\\\/\\\/calaism.cluster021.hosting.ovh.net\\\/wp-content\\\/uploads\\\/2025\\\/10\\\/marine-parking-boats-yachts-turkey-yacht-docked-sea-port-scaled.jpg&quot;}],&quot;background_slideshow_loop&quot;:&quot;yes&quot;,&quot;background_slideshow_slide_duration&quot;:5000,&quot;background_slideshow_slide_transition&quot;:&quot;fade&quot;,&quot;background_slideshow_transition_duration&quot;:500}\">\n\t\t<div class=\"elementor-element elementor-element-7b350d4 e-con-full e-flex wpr-particle-no wpr-jarallax-no wpr-parallax-no wpr-sticky-section-no e-con e-child\" data-id=\"7b350d4\" data-element_type=\"container\">\n\t\t\t\t<div class=\"elementor-element elementor-element-3e830a5 elementor-widget elementor-widget-heading\" data-id=\"3e830a5\" data-element_type=\"widget\" data-widget_type=\"heading.default\">\n\t\t\t\t\t<h2 class=\"elementor-heading-title elementor-size-default\">Permis mer - option \"c\u00f4ti\u00e8re\"<\/h2>\t\t\t\t<\/div>\n\t\t\t\t<\/div>\n\t\t\t\t<\/div>\n\t\t\t\t<div class=\"elementor-element elementor-element-764d7c9 elementor-widget__width-initial elementor-widget-mobile__width-inherit elementor-widget elementor-widget-text-editor\" data-id=\"764d7c9\" data-element_type=\"widget\" data-widget_type=\"text-editor.default\">\n\t\t\t\t\t\t\t\t\t<p>&#8211; pour une navigation de jour et de nuit,<br \/>&#8211; jusqu\u2019\u00e0 6 milles d\u2019un abri (Tout lieu o\u00f9 un navire peut accoster ou mouiller en s\u00e9curit\u00e9),<br \/>&#8211; sans limitation de puissance et de jauge,<br \/>&#8211; droit d\u2019utilisation de la VHF (eaux territoriales fran\u00e7aises).<\/p><hr \/><h3>\u00a0<\/h3><h2><strong>L&rsquo;examen<\/strong><\/h2><p>&#8211; Le candidat doit \u00eatre \u00e2g\u00e9 d\u2019au moins 16 ans pour se pr\u00e9senter \u00e0 l\u2019examen.<br \/>&#8211; Constituer un dossier (demande, photo d\u2019identit\u00e9(en couleurs), timbres fiscaux, photocopie de la pi\u00e8ce d\u2019identit\u00e9, certificat m\u00e9dical).<\/p><p>L\u2019examen pour l\u2019obtention du permis option \u00ab c\u00f4ti\u00e8re \u00bb est compos\u00e9 d\u2019une \u00e9preuve th\u00e9orique et d\u2019une formation avec des objectifs p\u00e9dagogiques et pratiques figurant sur le livret du candidat et d\u2019\u00e9valuation que valident l\u2019\u00e9tablissement et le formateur agr\u00e9\u00e9s.<\/p><h2><strong>La pr\u00e9paration th\u00e9orique<\/strong><\/h2><div><p><b>Compris dans notre formule, nous vous fournissons un kit complet adapt\u00e9 \u00e0 l\u2019enseignement pour l\u2019\u00e9preuve th\u00e9orique du permis option mer \u00ab c\u00f4ti\u00e8re \u00bb: livre de cours, aide-m\u00e9moire, bloc-notes et m\u00eame le crayon!<\/b><\/p><p>\u00a0<\/p><\/div><div>Au cours des s\u00e9ances th\u00e9oriques, nous alternons des cours et des examens blancs dans les conditions de l\u2019examen.<\/div><div>\u00a0<\/div><div><h2><strong>L\u2019\u00e9preuve th\u00e9orique<\/strong><\/h2><div>Le candidat est interrog\u00e9 sur 40 questions dont 5 questions VHF et 1 sur l\u2019environnement (questionnaire \u00e0 choix multiples QCM \u00e9lectronique).<\/div><div>Vous disposez d\u2019un temps de r\u00e9ponse de 20 secondes.<\/div><div><p>Sur les 40 questions pos\u00e9es, 5 erreurs sont admises.\u00a0La validit\u00e9 de l\u2019\u00e9preuve th\u00e9orique a une dur\u00e9e de 18 mois.<\/p><p>Les \u00e9preuves th\u00e9oriques se d\u00e9roulent dans des centres agr\u00e9\u00e9s. Nous vous proposerons de passer l&rsquo;examen dans le centre le plus proche de chez vous.<\/p><\/div><div>\u00a0<\/div><\/div><div><h2><strong>La formation pratique<\/strong><\/h2><div>Notre formation pratique vous amarinera en suivant les objectifs p\u00e9dagogiques et pratiques d\u00e9finis au programme. Ces objectifs sont d\u00e9taill\u00e9s dans le livret du candidat. Ce livret a pour but de lister et de d\u00e9tailler les objectifs de formation pratique.<br \/><b>La formation pratique a lieu sur notre vedette homologu\u00e9e et se d\u00e9roule sur le plan d&rsquo;eau de la base Tom Souville de Sangatte. Sans contrainte de mar\u00e9e, les cours sont pris sur rendez-vous aupr\u00e8s des formateurs.<\/b><\/div><div>\u00a0<\/div><div>La formation pratique ne peut \u00eatre inf\u00e9rieure \u00e0 3h30 ainsi r\u00e9parties :<\/div><div>-1h30 qui peut \u00eatre collective,<br \/>-2h de conduite effective par candidat.<\/div><div>La formation pratique peut \u00eatre commenc\u00e9e avant l\u2019examen th\u00e9orique mais la validation ne peut intervenir avant la r\u00e9ussite de l\u2019\u00e9preuve th\u00e9orique.<\/div><\/div>\t\t\t\t\t\t\t\t<\/div>\n\t\t\t\t\t<\/div>\n\t\t\t\t<\/div>\n\t\t\t\t<\/div>\n\t\t","protected":false},"excerpt":{"rendered":"<p>Permis mer &#8211; option \u00ab\u00a0c\u00f4ti\u00e8re\u00a0\u00bb &#8211; pour une navigation de jour et de nuit,&#8211; jusqu\u2019\u00e0 6 milles d\u2019un abri (Tout lieu o\u00f9 un navire peut accoster ou mouiller en s\u00e9curit\u00e9),&#8211; sans limitation de puissance et de jauge,&#8211; droit d\u2019utilisation de la VHF (eaux territoriales fran\u00e7aises). \u00a0 L&rsquo;examen &#8211; Le candidat doit \u00eatre \u00e2g\u00e9 d\u2019au moins 16 ans pour se pr\u00e9senter \u00e0 l\u2019examen.&#8211; Constituer un dossier (demande, photo d\u2019identit\u00e9(en couleurs), timbres fiscaux, photocopie de la pi\u00e8ce d\u2019identit\u00e9, certificat m\u00e9dical). L\u2019examen pour l\u2019obtention du permis option \u00ab c\u00f4ti\u00e8re \u00bb est compos\u00e9 d\u2019une \u00e9preuve th\u00e9orique et d\u2019une formation avec des objectifs p\u00e9dagogiques et pratiques figurant sur le livret du candidat et d\u2019\u00e9valuation que valident l\u2019\u00e9tablissement et le formateur agr\u00e9\u00e9s. La pr\u00e9paration th\u00e9orique Compris dans notre formule, nous vous fournissons un kit complet adapt\u00e9 \u00e0 l\u2019enseignement pour l\u2019\u00e9preuve th\u00e9orique du permis option mer \u00ab c\u00f4ti\u00e8re \u00bb: livre de cours, aide-m\u00e9moire, bloc-notes et m\u00eame le crayon! \u00a0 Au cours des s\u00e9ances th\u00e9oriques, nous alternons des cours et des examens blancs dans les conditions de l\u2019examen.\u00a0 L\u2019\u00e9preuve th\u00e9orique Le candidat est interrog\u00e9 sur 40 questions dont 5 questions VHF et 1 sur l\u2019environnement (questionnaire \u00e0 choix multiples QCM \u00e9lectronique).Vous disposez d\u2019un temps de r\u00e9ponse de 20 secondes. Sur les 40 questions pos\u00e9es, 5 erreurs sont admises.\u00a0La validit\u00e9 de l\u2019\u00e9preuve th\u00e9orique a une dur\u00e9e de 18 mois. Les \u00e9preuves th\u00e9oriques se d\u00e9roulent dans des centres agr\u00e9\u00e9s. Nous vous proposerons de passer l&rsquo;examen dans le centre le plus proche de chez vous. \u00a0 La formation pratique Notre formation pratique vous amarinera en suivant les objectifs p\u00e9dagogiques et pratiques d\u00e9finis au programme. Ces objectifs sont d\u00e9taill\u00e9s dans le livret du candidat. Ce livret a pour but de lister et de d\u00e9tailler les objectifs de formation pratique.La formation pratique a lieu sur notre vedette homologu\u00e9e et se d\u00e9roule sur le plan d&rsquo;eau de la base Tom Souville de Sangatte. Sans contrainte de mar\u00e9e, les cours sont pris sur rendez-vous aupr\u00e8s des formateurs.\u00a0La formation pratique ne peut \u00eatre inf\u00e9rieure \u00e0 3h30 ainsi r\u00e9parties :-1h30 qui peut \u00eatre collective,-2h de conduite effective par candidat.La formation pratique peut \u00eatre commenc\u00e9e avant l\u2019examen th\u00e9orique mais la validation ne peut intervenir avant la r\u00e9ussite de l\u2019\u00e9preuve th\u00e9orique.<\/p>\n","protected":false},"author":1,"featured_media":0,"parent":0,"menu_order":0,"comment_status":"closed","ping_status":"closed","template":"elementor_header_footer","meta":{"footnotes":""},"class_list":["post-88","page","type-page","status-publish","hentry"],"_links":{"self":[{"href":"http:\/\/calaism.cluster021.hosting.ovh.net\/index.php\/wp-json\/wp\/v2\/pages\/88","targetHints":{"allow":["GET"]}}],"collection":[{"href":"http:\/\/calaism.cluster021.hosting.ovh.net\/index.php\/wp-json\/wp\/v2\/pages"}],"about":[{"href":"http:\/\/calaism.cluster021.hosting.ovh.net\/index.php\/wp-json\/wp\/v2\/types\/page"}],"author":[{"embeddable":true,"href":"http:\/\/calaism.cluster021.hosting.ovh.net\/index.php\/wp-json\/wp\/v2\/users\/1"}],"replies":[{"embeddable":true,"href":"http:\/\/calaism.cluster021.hosting.ovh.net\/index.php\/wp-json\/wp\/v2\/comments?post=88"}],"version-history":[{"count":10,"href":"http:\/\/calaism.cluster021.hosting.ovh.net\/index.php\/wp-json\/wp\/v2\/pages\/88\/revisions"}],"predecessor-version":[{"id":228,"href":"http:\/\/calaism.cluster021.hosting.ovh.net\/index.php\/wp-json\/wp\/v2\/pages\/88\/revisions\/228"}],"wp:attachment":[{"href":"http:\/\/calaism.cluster021.hosting.ovh.net\/index.php\/wp-json\/wp\/v2\/media?parent=88"}],"curies":[{"name":"wp","href":"https:\/\/api.w.org\/{rel}","templated":true}]}}