{"id":90,"date":"2025-10-14T13:24:26","date_gmt":"2025-10-14T13:24:26","guid":{"rendered":"http:\/\/calaism.cluster021.hosting.ovh.net\/?page_id=90"},"modified":"2025-10-15T13:32:01","modified_gmt":"2025-10-15T13:32:01","slug":"permis-mer-option-hauturiere","status":"publish","type":"page","link":"http:\/\/calaism.cluster021.hosting.ovh.net\/index.php\/permis-mer-option-hauturiere\/","title":{"rendered":"Extension permis mer &#8211; option \u00ab\u00a0hauturi\u00e8re\u00a0\u00bb"},"content":{"rendered":"\t\t<div data-elementor-type=\"wp-page\" data-elementor-id=\"90\" class=\"elementor elementor-90\">\n\t\t\t\t<div class=\"elementor-element elementor-element-d9ee47f e-flex e-con-boxed wpr-particle-no wpr-jarallax-no wpr-parallax-no wpr-sticky-section-no e-con e-child\" data-id=\"d9ee47f\" data-element_type=\"container\">\n\t\t\t\t\t<div class=\"e-con-inner\">\n\t\t<div class=\"elementor-element elementor-element-a39979f e-con-full e-flex wpr-particle-no wpr-jarallax-no wpr-parallax-no wpr-sticky-section-no e-con e-child\" data-id=\"a39979f\" data-element_type=\"container\" data-settings=\"{&quot;background_background&quot;:&quot;classic&quot;}\">\n\t\t<div class=\"elementor-element elementor-element-b5ff6bb e-con-full e-flex wpr-particle-no wpr-jarallax-no wpr-parallax-no wpr-sticky-section-no e-con e-child\" data-id=\"b5ff6bb\" data-element_type=\"container\">\n\t\t\t\t<div class=\"elementor-element elementor-element-d4dd4d2 elementor-widget elementor-widget-heading\" data-id=\"d4dd4d2\" data-element_type=\"widget\" data-widget_type=\"heading.default\">\n\t\t\t\t\t<h2 class=\"elementor-heading-title elementor-size-default\">Extension permis mer - option \"hauturi\u00e8re\"<\/h2>\t\t\t\t<\/div>\n\t\t\t\t<\/div>\n\t\t\t\t<\/div>\n\t\t\t\t<div class=\"elementor-element elementor-element-c3e0679 elementor-widget__width-initial elementor-widget-mobile__width-inherit elementor-widget elementor-widget-text-editor\" data-id=\"c3e0679\" data-element_type=\"widget\" data-widget_type=\"text-editor.default\">\n\t\t\t\t\t\t\t\t\t<h2><strong>La r\u00e9glementation<\/strong><\/h2><div>&#8211; toute navigation sans limitation de distance,<br \/>&#8211; sans limitation de jauge et de puissance,<br \/>&#8211; de jour et de nuit.<\/div><div>\u00a0<\/div><div>Le permis bateau option \u00ab hauturi\u00e8re \u00bb est une extension, soit au permis option \u00ab c\u00f4ti\u00e8re \u00bb, soit au permis A de conduire en mer les navires de plaisance \u00e0 moteur, soit au permis \u00ab c\u00f4tier \u00bb.<\/div><div><b>Pour l\u2019inscription, le candidat doit \u00eatre titulaire de l\u2019un de ces permis.<\/b><\/div><div>\u00a0<\/div><h2><strong>La pr\u00e9paration th\u00e9orique<\/strong><\/h2><div><p><b>La formation th\u00e9orique assur\u00e9e par le Yacht Club du Calaisis vous apporte les notions de cours n\u00e9cessaires et fait une large part aux exercices qui permettent une bonne compr\u00e9hension et donnent les meilleures chances de r\u00e9ussite \u00e0 l&rsquo;examen.<\/b><br \/><b>Si la pr\u00e9paration de l&rsquo;extension \u00ab\u00a0hauturi\u00e8re\u00a0\u00bb n\u00e9cessite un investissement personnel s\u00e9rieux, elle reste pour la plupart des \u00e9l\u00e8ves un moment tr\u00e8s gratifiant qui apporte un \u00ab\u00a0plus\u00a0\u00bb ind\u00e9niable en terme de s\u00e9curit\u00e9 en mer.<\/b><\/p><\/div><div>\u00a0<\/div><div><h2><strong>L&rsquo;examen<\/strong><\/h2><div>Les candidats \u00e0 l\u2019extension \u00ab hauturi\u00e8re \u00bb ne subissent qu\u2019une \u00e9preuve th\u00e9orique de navigation.<\/div><div>\u00a0<\/div><\/div><div><h2><strong>Le programme de l\u2019\u00e9preuve<\/strong><\/h2><div>&#8211; Savoir lire une carte marine.<br \/>&#8211; Faire le point par plusieurs rel\u00e8vements ou gisements et porter ce point sur la carte.<br \/>&#8211; Calculer la variation, la d\u00e9rive due au vent, la d\u00e9rive due au courant, le cap au compas, le cap vrai, la route sur le fond, faire l\u2019estime.<br \/>&#8211; Identifier les phares.<br \/>&#8211; Effectuer un calcul de mar\u00e9e par rapport \u00e0 un port principal par la r\u00e8gle des douzi\u00e8mes.<br \/>&#8211; Etre sensibilis\u00e9 aux aides \u00e9lectroniques \u00e0 la navigation : usages et pr\u00e9cautions.<br \/>&#8211; Savoir interpr\u00e9ter de mani\u00e8re simple une carte m\u00e9t\u00e9orologique marine et conna\u00eetre les symboles utilis\u00e9s.<br \/>&#8211; Conna\u00eetre le mat\u00e9riel de s\u00e9curit\u00e9 obligatoire au-del\u00e0 de 6 milles.<\/div><div>\u00a0<\/div><\/div><div><h2><strong>D\u00e9roulement de l&rsquo;examen :<\/strong><\/h2><div>&#8211; une \u00e9preuve de carte, not\u00e9e sur 12 points,<br \/>&#8211; un calcul de mar\u00e9e, not\u00e9 sur 4,<br \/>&#8211; 2 questions sous forme de QCM portant sur l\u2019utilisation et les pr\u00e9cautions d\u2019usage des aides \u00e9lectroniques \u00e0 la navigation, not\u00e9es chacune sur 0,5,<br \/>&#8211; 2 questions de m\u00e9t\u00e9orologie sous forme de QCM, not\u00e9es chacune sur 1,<br \/>&#8211; 1 question de r\u00e8glementation sur le mat\u00e9riel de s\u00e9curit\u00e9 sous forme de QCM, not\u00e9 sur 1.<\/div><div>La dur\u00e9e de l\u2019\u00e9preuve est de 1 heure 30 minutes.<br \/>Le candidat doit utiliser la carte sp\u00e9ciale examen Permis Mer hauturier n\u00b09999 du Service hydrographique et oc\u00e9anographique de la marine (SHOM).<\/div><div><b>Pour \u00eatre re\u00e7u,<\/b>\u00a0le candidat doit obtenir au moins 10 et la note \u00e0 l\u2019\u00e9preuve sur la carte doit \u00eatre au moins de 7. Le candidat \u00e0 l\u2019extension \u00ab hauturi\u00e8re \u00bb ayant subi avec succ\u00e8s l\u2019\u00e9preuve th\u00e9orique de navigation peut demander une attestation de r\u00e9ussite (valable 1 mois).<\/div><div>\u00a0<\/div><\/div><div><h4><strong>Les titres de conduite d\u00e9livr\u00e9s, sous la r\u00e9glementation ant\u00e9rieure, restent valables.<\/strong><\/h4><p><b>Le permis B :<\/b>\u00a0sans aucune restriction (\u00e9quivalence du permis hauturier).<br \/><b>Le permis C<\/b>\u00a0: sans aucune restriction.<\/p><\/div>\t\t\t\t\t\t\t\t<\/div>\n\t\t\t\t\t<\/div>\n\t\t\t\t<\/div>\n\t\t\t\t<\/div>\n\t\t","protected":false},"excerpt":{"rendered":"<p>Extension permis mer &#8211; option \u00ab\u00a0hauturi\u00e8re\u00a0\u00bb La r\u00e9glementation &#8211; toute navigation sans limitation de distance,&#8211; sans limitation de jauge et de puissance,&#8211; de jour et de nuit.\u00a0Le permis bateau option \u00ab hauturi\u00e8re \u00bb est une extension, soit au permis option \u00ab c\u00f4ti\u00e8re \u00bb, soit au permis A de conduire en mer les navires de plaisance \u00e0 moteur, soit au permis \u00ab c\u00f4tier \u00bb.Pour l\u2019inscription, le candidat doit \u00eatre titulaire de l\u2019un de ces permis.\u00a0 La pr\u00e9paration th\u00e9orique La formation th\u00e9orique assur\u00e9e par le Yacht Club du Calaisis vous apporte les notions de cours n\u00e9cessaires et fait une large part aux exercices qui permettent une bonne compr\u00e9hension et donnent les meilleures chances de r\u00e9ussite \u00e0 l&rsquo;examen.Si la pr\u00e9paration de l&rsquo;extension \u00ab\u00a0hauturi\u00e8re\u00a0\u00bb n\u00e9cessite un investissement personnel s\u00e9rieux, elle reste pour la plupart des \u00e9l\u00e8ves un moment tr\u00e8s gratifiant qui apporte un \u00ab\u00a0plus\u00a0\u00bb ind\u00e9niable en terme de s\u00e9curit\u00e9 en mer. \u00a0 L&rsquo;examen Les candidats \u00e0 l\u2019extension \u00ab hauturi\u00e8re \u00bb ne subissent qu\u2019une \u00e9preuve th\u00e9orique de navigation.\u00a0 Le programme de l\u2019\u00e9preuve &#8211; Savoir lire une carte marine.&#8211; Faire le point par plusieurs rel\u00e8vements ou gisements et porter ce point sur la carte.&#8211; Calculer la variation, la d\u00e9rive due au vent, la d\u00e9rive due au courant, le cap au compas, le cap vrai, la route sur le fond, faire l\u2019estime.&#8211; Identifier les phares.&#8211; Effectuer un calcul de mar\u00e9e par rapport \u00e0 un port principal par la r\u00e8gle des douzi\u00e8mes.&#8211; Etre sensibilis\u00e9 aux aides \u00e9lectroniques \u00e0 la navigation : usages et pr\u00e9cautions.&#8211; Savoir interpr\u00e9ter de mani\u00e8re simple une carte m\u00e9t\u00e9orologique marine et conna\u00eetre les symboles utilis\u00e9s.&#8211; Conna\u00eetre le mat\u00e9riel de s\u00e9curit\u00e9 obligatoire au-del\u00e0 de 6 milles.\u00a0 D\u00e9roulement de l&rsquo;examen : &#8211; une \u00e9preuve de carte, not\u00e9e sur 12 points,&#8211; un calcul de mar\u00e9e, not\u00e9 sur 4,&#8211; 2 questions sous forme de QCM portant sur l\u2019utilisation et les pr\u00e9cautions d\u2019usage des aides \u00e9lectroniques \u00e0 la navigation, not\u00e9es chacune sur 0,5,&#8211; 2 questions de m\u00e9t\u00e9orologie sous forme de QCM, not\u00e9es chacune sur 1,&#8211; 1 question de r\u00e8glementation sur le mat\u00e9riel de s\u00e9curit\u00e9 sous forme de QCM, not\u00e9 sur 1.La dur\u00e9e de l\u2019\u00e9preuve est de 1 heure 30 minutes.Le candidat doit utiliser la carte sp\u00e9ciale examen Permis Mer hauturier n\u00b09999 du Service hydrographique et oc\u00e9anographique de la marine (SHOM).Pour \u00eatre re\u00e7u,\u00a0le candidat doit obtenir au moins 10 et la note \u00e0 l\u2019\u00e9preuve sur la carte doit \u00eatre au moins de 7. Le candidat \u00e0 l\u2019extension \u00ab hauturi\u00e8re \u00bb ayant subi avec succ\u00e8s l\u2019\u00e9preuve th\u00e9orique de navigation peut demander une attestation de r\u00e9ussite (valable 1 mois).\u00a0 Les titres de conduite d\u00e9livr\u00e9s, sous la r\u00e9glementation ant\u00e9rieure, restent valables. Le permis B :\u00a0sans aucune restriction (\u00e9quivalence du permis hauturier).Le permis C\u00a0: sans aucune restriction.<\/p>\n","protected":false},"author":1,"featured_media":0,"parent":0,"menu_order":0,"comment_status":"closed","ping_status":"closed","template":"elementor_header_footer","meta":{"footnotes":""},"class_list":["post-90","page","type-page","status-publish","hentry"],"_links":{"self":[{"href":"http:\/\/calaism.cluster021.hosting.ovh.net\/index.php\/wp-json\/wp\/v2\/pages\/90","targetHints":{"allow":["GET"]}}],"collection":[{"href":"http:\/\/calaism.cluster021.hosting.ovh.net\/index.php\/wp-json\/wp\/v2\/pages"}],"about":[{"href":"http:\/\/calaism.cluster021.hosting.ovh.net\/index.php\/wp-json\/wp\/v2\/types\/page"}],"author":[{"embeddable":true,"href":"http:\/\/calaism.cluster021.hosting.ovh.net\/index.php\/wp-json\/wp\/v2\/users\/1"}],"replies":[{"embeddable":true,"href":"http:\/\/calaism.cluster021.hosting.ovh.net\/index.php\/wp-json\/wp\/v2\/comments?post=90"}],"version-history":[{"count":5,"href":"http:\/\/calaism.cluster021.hosting.ovh.net\/index.php\/wp-json\/wp\/v2\/pages\/90\/revisions"}],"predecessor-version":[{"id":225,"href":"http:\/\/calaism.cluster021.hosting.ovh.net\/index.php\/wp-json\/wp\/v2\/pages\/90\/revisions\/225"}],"wp:attachment":[{"href":"http:\/\/calaism.cluster021.hosting.ovh.net\/index.php\/wp-json\/wp\/v2\/media?parent=90"}],"curies":[{"name":"wp","href":"https:\/\/api.w.org\/{rel}","templated":true}]}}