{"id":92,"date":"2025-10-14T13:24:39","date_gmt":"2025-10-14T13:24:39","guid":{"rendered":"http:\/\/calaism.cluster021.hosting.ovh.net\/?page_id=92"},"modified":"2025-10-15T13:32:14","modified_gmt":"2025-10-15T13:32:14","slug":"permis-eaux-interieures","status":"publish","type":"page","link":"http:\/\/calaism.cluster021.hosting.ovh.net\/index.php\/permis-eaux-interieures\/","title":{"rendered":"Permis eaux int\u00e9rieures"},"content":{"rendered":"\t\t<div data-elementor-type=\"wp-page\" data-elementor-id=\"92\" class=\"elementor elementor-92\">\n\t\t\t\t<div class=\"elementor-element elementor-element-48bf8f5 e-flex e-con-boxed wpr-particle-no wpr-jarallax-no wpr-parallax-no wpr-sticky-section-no e-con e-child\" data-id=\"48bf8f5\" data-element_type=\"container\">\n\t\t\t\t\t<div class=\"e-con-inner\">\n\t\t<div class=\"elementor-element elementor-element-a7d0bc1 e-con-full e-flex wpr-particle-no wpr-jarallax-no wpr-parallax-no wpr-sticky-section-no e-con e-child\" data-id=\"a7d0bc1\" data-element_type=\"container\" data-settings=\"{&quot;background_background&quot;:&quot;classic&quot;}\">\n\t\t<div class=\"elementor-element elementor-element-2cb47ca e-con-full e-flex wpr-particle-no wpr-jarallax-no wpr-parallax-no wpr-sticky-section-no e-con e-child\" data-id=\"2cb47ca\" data-element_type=\"container\">\n\t\t\t\t<div class=\"elementor-element elementor-element-f63762d elementor-widget elementor-widget-heading\" data-id=\"f63762d\" data-element_type=\"widget\" data-widget_type=\"heading.default\">\n\t\t\t\t\t<h2 class=\"elementor-heading-title elementor-size-default\">Permis Eaux int\u00e9rieures<\/h2>\t\t\t\t<\/div>\n\t\t\t\t<\/div>\n\t\t\t\t<\/div>\n\t\t\t\t<div class=\"elementor-element elementor-element-07211a4 elementor-widget__width-initial elementor-widget-mobile__width-inherit elementor-widget elementor-widget-text-editor\" data-id=\"07211a4\" data-element_type=\"widget\" data-widget_type=\"text-editor.default\">\n\t\t\t\t\t\t\t\t\t<h2><strong>La r\u00e9glementation<\/strong><\/h2><div><div>Un titre de conduite est obligatoire pour piloter sur les eaux int\u00e9rieures un bateau de plaisance \u00e0 moteur lorsque la puissance motrice est sup\u00e9rieure \u00e0 4,5 kw (6 CV), y compris pour les bateaux de plaisance \u00e0 voile.<\/div><div><b>Permis option \u00ab eaux int\u00e9rieures \u00bb<\/b><\/div><div>\u00a0<\/div><div><u>Les personnes d\u00e9j\u00e0 titulaires du permis mer option c\u00f4ti\u00e8re ou du permis mer extension hauturi\u00e8re\u00a0sont dispens\u00e9es de l&rsquo;\u00e9preuve pratique.<\/u>Elles n&rsquo;ont donc qu&rsquo;\u00e0 valider l&rsquo;examen th\u00e9orique \u00ab\u00a0eaux int\u00e9rieures\u00a0\u00bb.<\/div><\/div><div>\u00a0<\/div><h2><strong>Permis option \u00ab eaux int\u00e9rieures \u00bb :<\/strong><\/h2><div><p>&#8211; bateau de longueur inf\u00e9rieure \u00e0 20 m,<br \/>&#8211; puissance motrice sup\u00e9rieure \u00e0 4,5 kw (6 CV),<br \/>&#8211; droit d\u2019utilisation de la VHF (eaux int\u00e9rieures fran\u00e7aises),<br \/>&#8211; \u00e2ge requis : 16 ans.<\/p><\/div><div>\u00a0<\/div><div><h2><strong>Notre pr\u00e9paration \u00e0 l&rsquo;examen th\u00e9orique<\/strong><\/h2><div><div>Notre bateau-\u00e9cole se chargera de la constitution de votre dossier, des formalit\u00e9s d&rsquo;inscription aupr\u00e8s des services des Affaires maritimes et de votre pr\u00e9paration en vue de l\u2019\u00e9preuve th\u00e9orique.<\/div><div>Nous fournissons aux candidats un livret d&rsquo;apprentissage complet ainsi qu&rsquo;un aide-m\u00e9moire pour faciliter les r\u00e9visions. <u>Il est indispensable d&rsquo;avoir lu le livret de fa\u00e7on approfondie avant la session de formation<\/u>. Lors de chaque session de formation, des tests analogues aux tests d&rsquo;examen sont propos\u00e9s.<\/div><\/div><div>\u00a0<\/div><\/div><div><h2><strong>L\u2019\u00e9preuve th\u00e9orique<\/strong><\/h2><div><div>Le candidat est interrog\u00e9 sur 40 questions dont 5 sur la VHF et 1 sur l\u2019environnement. (Questionnaire \u00e0 choix multiples QCM \u00e9lectronique).<\/div><div>\u00a0<\/div><div>\u00a0 \u00a0 \u00a0Il dispose d\u2019un temps de r\u00e9ponse de 20 secondes;<\/div><div>\u00a0 \u00a0 \u00a0Sur les 40 questions pos\u00e9es, 5 erreurs sont admises.<\/div><div>\u00a0<\/div><div>La validit\u00e9 de l\u2019\u00e9preuve th\u00e9orique est de 18 mois.<\/div><div>Les \u00e9preuves th\u00e9oriques se d\u00e9roulent dans des centres agr\u00e9\u00e9s. Nous vous proposerons de passer l&rsquo;examen dans le centre le plus proche de chez vous.<\/div><\/div><div>\u00a0<\/div><\/div><div><h2><strong>Sont dispens\u00e9s du permis :<\/strong><\/h2><div>&#8211; le pilote d\u2019un bateau dont la puissance motrice est inf\u00e9rieure \u00e0 4,5 kw (6 CV),<br \/>&#8211; les titulaires des titres de conduite en mer d\u00e9livr\u00e9s sous la r\u00e9glementation ant\u00e9rieure et les nouveaux permis (option \u00ab c\u00f4ti\u00e8re \u00bb et \u00ab hauturi\u00e8re \u00bb) valent option \u00ab eaux int\u00e9rieures \u00bb sur les lacs et plans d\u2019eau ferm\u00e9s.<\/div><div>\u00a0<\/div><\/div><div><h2><b>Sont exempt\u00e9s du permis :<\/b><\/h2><div><div>&#8211; les personnes exer\u00e7ant une fonction ou poss\u00e9dant une certaine qualification qui garantissent un niveau suffisant de connaissances th\u00e9oriques et pratiques (liste des fonctions et qualifications fix\u00e9s par arr\u00eat\u00e9),<br \/>&#8211; les plaisanciers \u00e9trangers et les fran\u00e7ais titulaires d\u2019un permis ou de titres de conduite \u00e9trangers (conditions fix\u00e9es par arr\u00eat\u00e9).<\/div><div>\u00a0<\/div><div><b>Les anciens permis:<\/b><\/div><div><b>Cat\u00e9gorie C et S :<\/b><\/div><div>&#8211; conservent leurs pr\u00e9rogatives,<br \/>&#8211; \u00ab S \u00bb \u00e9quivaut \u00e0 l\u2019option \u00ab eaux int\u00e9rieures \u00bb.<\/div><\/div><\/div>\t\t\t\t\t\t\t\t<\/div>\n\t\t\t\t\t<\/div>\n\t\t\t\t<\/div>\n\t\t\t\t<\/div>\n\t\t","protected":false},"excerpt":{"rendered":"<p>Permis Eaux int\u00e9rieures La r\u00e9glementation Un titre de conduite est obligatoire pour piloter sur les eaux int\u00e9rieures un bateau de plaisance \u00e0 moteur lorsque la puissance motrice est sup\u00e9rieure \u00e0 4,5 kw (6 CV), y compris pour les bateaux de plaisance \u00e0 voile.Permis option \u00ab eaux int\u00e9rieures \u00bb\u00a0Les personnes d\u00e9j\u00e0 titulaires du permis mer option c\u00f4ti\u00e8re ou du permis mer extension hauturi\u00e8re\u00a0sont dispens\u00e9es de l&rsquo;\u00e9preuve pratique.Elles n&rsquo;ont donc qu&rsquo;\u00e0 valider l&rsquo;examen th\u00e9orique \u00ab\u00a0eaux int\u00e9rieures\u00a0\u00bb.\u00a0 Permis option \u00ab eaux int\u00e9rieures \u00bb : &#8211; bateau de longueur inf\u00e9rieure \u00e0 20 m,&#8211; puissance motrice sup\u00e9rieure \u00e0 4,5 kw (6 CV),&#8211; droit d\u2019utilisation de la VHF (eaux int\u00e9rieures fran\u00e7aises),&#8211; \u00e2ge requis : 16 ans. \u00a0 Notre pr\u00e9paration \u00e0 l&rsquo;examen th\u00e9orique Notre bateau-\u00e9cole se chargera de la constitution de votre dossier, des formalit\u00e9s d&rsquo;inscription aupr\u00e8s des services des Affaires maritimes et de votre pr\u00e9paration en vue de l\u2019\u00e9preuve th\u00e9orique.Nous fournissons aux candidats un livret d&rsquo;apprentissage complet ainsi qu&rsquo;un aide-m\u00e9moire pour faciliter les r\u00e9visions. Il est indispensable d&rsquo;avoir lu le livret de fa\u00e7on approfondie avant la session de formation. Lors de chaque session de formation, des tests analogues aux tests d&rsquo;examen sont propos\u00e9s.\u00a0 L\u2019\u00e9preuve th\u00e9orique Le candidat est interrog\u00e9 sur 40 questions dont 5 sur la VHF et 1 sur l\u2019environnement. (Questionnaire \u00e0 choix multiples QCM \u00e9lectronique).\u00a0\u00a0 \u00a0 \u00a0Il dispose d\u2019un temps de r\u00e9ponse de 20 secondes;\u00a0 \u00a0 \u00a0Sur les 40 questions pos\u00e9es, 5 erreurs sont admises.\u00a0La validit\u00e9 de l\u2019\u00e9preuve th\u00e9orique est de 18 mois.Les \u00e9preuves th\u00e9oriques se d\u00e9roulent dans des centres agr\u00e9\u00e9s. Nous vous proposerons de passer l&rsquo;examen dans le centre le plus proche de chez vous.\u00a0 Sont dispens\u00e9s du permis : &#8211; le pilote d\u2019un bateau dont la puissance motrice est inf\u00e9rieure \u00e0 4,5 kw (6 CV),&#8211; les titulaires des titres de conduite en mer d\u00e9livr\u00e9s sous la r\u00e9glementation ant\u00e9rieure et les nouveaux permis (option \u00ab c\u00f4ti\u00e8re \u00bb et \u00ab hauturi\u00e8re \u00bb) valent option \u00ab eaux int\u00e9rieures \u00bb sur les lacs et plans d\u2019eau ferm\u00e9s.\u00a0 Sont exempt\u00e9s du permis : &#8211; les personnes exer\u00e7ant une fonction ou poss\u00e9dant une certaine qualification qui garantissent un niveau suffisant de connaissances th\u00e9oriques et pratiques (liste des fonctions et qualifications fix\u00e9s par arr\u00eat\u00e9),&#8211; les plaisanciers \u00e9trangers et les fran\u00e7ais titulaires d\u2019un permis ou de titres de conduite \u00e9trangers (conditions fix\u00e9es par arr\u00eat\u00e9).\u00a0Les anciens permis:Cat\u00e9gorie C et S :&#8211; conservent leurs pr\u00e9rogatives,&#8211; \u00ab S \u00bb \u00e9quivaut \u00e0 l\u2019option \u00ab eaux int\u00e9rieures \u00bb.<\/p>\n","protected":false},"author":1,"featured_media":0,"parent":0,"menu_order":0,"comment_status":"closed","ping_status":"closed","template":"elementor_header_footer","meta":{"footnotes":""},"class_list":["post-92","page","type-page","status-publish","hentry"],"_links":{"self":[{"href":"http:\/\/calaism.cluster021.hosting.ovh.net\/index.php\/wp-json\/wp\/v2\/pages\/92","targetHints":{"allow":["GET"]}}],"collection":[{"href":"http:\/\/calaism.cluster021.hosting.ovh.net\/index.php\/wp-json\/wp\/v2\/pages"}],"about":[{"href":"http:\/\/calaism.cluster021.hosting.ovh.net\/index.php\/wp-json\/wp\/v2\/types\/page"}],"author":[{"embeddable":true,"href":"http:\/\/calaism.cluster021.hosting.ovh.net\/index.php\/wp-json\/wp\/v2\/users\/1"}],"replies":[{"embeddable":true,"href":"http:\/\/calaism.cluster021.hosting.ovh.net\/index.php\/wp-json\/wp\/v2\/comments?post=92"}],"version-history":[{"count":4,"href":"http:\/\/calaism.cluster021.hosting.ovh.net\/index.php\/wp-json\/wp\/v2\/pages\/92\/revisions"}],"predecessor-version":[{"id":231,"href":"http:\/\/calaism.cluster021.hosting.ovh.net\/index.php\/wp-json\/wp\/v2\/pages\/92\/revisions\/231"}],"wp:attachment":[{"href":"http:\/\/calaism.cluster021.hosting.ovh.net\/index.php\/wp-json\/wp\/v2\/media?parent=92"}],"curies":[{"name":"wp","href":"https:\/\/api.w.org\/{rel}","templated":true}]}}